{"id":9377,"date":"2015-11-29T17:56:58","date_gmt":"2015-11-29T17:56:58","guid":{"rendered":"http:\/\/www.prefabri-africa.com\/?page_id=9377"},"modified":"2018-04-30T11:04:16","modified_gmt":"2018-04-30T11:04:16","slug":"solutions-sur-mesure-de-prefabriques-et-batiments-modulaires-a-abidjan-cote-di","status":"publish","type":"page","link":"https:\/\/www.prefabri-africa.com\/fr\/ou-sommes-nous\/solutions-sur-mesure-de-prefabriques-et-batiments-modulaires-a-abidjan-cote-di\/","title":{"rendered":"C\u00f4te d\u2019Ivoire"},"content":{"rendered":"<div class=\"flex_column av_one_third  flex_column_div av-zero-column-padding first  \" style='border-radius:0px; '><section class=\"av_textblock_section \"  itemscope=\"itemscope\" itemtype=\"https:\/\/schema.org\/CreativeWork\" ><div class='avia_textblock  '   itemprop=\"text\" ><p align=\"center\"><b><span lang=\"FR-BE\" style=\"margin: 0px; color: #333333; font-family: 'Georgia','serif';\">Construction modulaire<\/span><\/b><\/p>\n<p style=\"text-align: center; line-height: 18.0pt; -webkit-text-stroke-width: 0px; word-spacing: 0px;\" align=\"center\"><strong><span lang=\"FR-BE\" style=\"margin: 0px; color: #333333; font-family: 'Georgia','serif';\">Bungalows de chantier<\/span><\/strong><\/p>\n<p style=\"text-align: center; line-height: 18.0pt; -webkit-text-stroke-width: 0px; word-spacing: 0px;\" align=\"center\"><strong><span lang=\"FR-BE\" style=\"margin: 0px; color: #333333; font-family: 'Georgia','serif';\">Bureau modulaire<\/span><\/strong><\/p>\n<p style=\"text-align: center; line-height: 18.0pt; -webkit-text-stroke-width: 0px; word-spacing: 0px;\" align=\"center\"><strong><span lang=\"FR-BE\" style=\"margin: 0px; color: #333333; font-family: 'Georgia','serif';\">B\u00e2timents pr\u00e9fabriqu\u00e9s<\/span><\/strong><\/p>\n<p style=\"text-align: center; line-height: 18.0pt; -webkit-text-stroke-width: 0px; word-spacing: 0px;\" align=\"center\"><strong><span lang=\"FR-BE\" style=\"margin: 0px; color: #333333; font-family: 'Georgia','serif';\">Base de vie<\/span><\/strong><\/p>\n<p style=\"text-align: center; line-height: 18.0pt; -webkit-text-stroke-width: 0px; word-spacing: 0px;\" align=\"center\"><strong><span lang=\"FR-BE\" style=\"margin: 0px; color: #333333; font-family: 'Georgia','serif';\">B\u00e2timent temporel<\/span><\/strong><\/p>\n<p style=\"text-align: center; line-height: 18.0pt; -webkit-text-stroke-width: 0px; word-spacing: 0px;\" align=\"center\"><strong><span lang=\"FR-BE\" style=\"margin: 0px; color: #333333; font-family: 'Georgia','serif';\">Ablution modules<\/span><\/strong><\/p>\n<\/div><\/section><\/div><div class=\"flex_column av_two_third  flex_column_div av-zero-column-padding   \" style='border-radius:0px; '><p><div  data-size='featured'  data-lightbox_size='large'  data-animation='slide'  data-ids='7808,7290,8920,3773,8670'  data-video_counter='0'  data-autoplay='true'  data-bg_slider='false'  data-slide_height=''  data-handle='av_slideshow'  data-interval='5'  data-class=' '  data-css_id=''  data-scroll_down=''  data-control_layout=''  data-custom_markup=''  data-perma_caption=''  data-autoplay_stopper=''  data-image_attachment=''  data-min_height='0px'  data-default-height='28.666666666667'  class='avia-slideshow avia-slideshow-1  av-default-height-applied avia-slideshow-featured av_slideshow   avia-slide-slider '  itemprop=\"ImageObject\" itemscope=\"itemscope\" itemtype=\"https:\/\/schema.org\/ImageObject\" ><ul class='avia-slideshow-inner' style='padding-bottom: 28.666666666667%;'><\/ul><\/div><br \/>\n<section class=\"av_textblock_section \"  itemscope=\"itemscope\" itemtype=\"https:\/\/schema.org\/CreativeWork\" ><div class='avia_textblock  '   itemprop=\"text\" ><p style=\"text-align: center;\"><b>Afrik Prefabrik<\/b><\/p>\n<p style=\"text-align: center;\"><strong>Abidjan | C\u00f4te d&rsquo;Ivoire<\/strong><\/p>\n<p style=\"text-align: center;\"><strong>+225 79 98 19 72<\/strong><\/p>\n<p style=\"text-align: center;\"><strong>abidjan@europa-prefabri.com<\/strong><\/p>\n<\/div><\/section><\/p><\/div><\/p>\n","protected":false},"excerpt":{"rendered":"","protected":false},"author":4,"featured_media":0,"parent":9226,"menu_order":6,"comment_status":"closed","ping_status":"closed","template":"","meta":{"footnotes":""},"yoast_head":"<!-- This site is optimized with the Yoast SEO plugin v21.7 - https:\/\/yoast.com\/wordpress\/plugins\/seo\/ -->\n<title>PREFABRI AFRICA, solutions sur mesure de pr\u00e9fabriqu\u00e9s et b\u00e2timents modulaires \u00e0 Abidjan, C\u00f4te d&#039;I<\/title>\n<meta name=\"description\" content=\"PREFABRI AFRICA est leader du secteur de la construction modulaire et du pr\u00e9fabriqu\u00e9 Cote d&#039;Ivoire en Afrique, telles que bungalows de chantier, base de vie, logement social, hangar m\u00e9tallique et construction modulaire, et est pr\u00e9sente \u00e0 Abidjan, C\u00f4te d&#039;Ivoire.\" \/>\n<meta name=\"robots\" content=\"index, follow, max-snippet:-1, max-image-preview:large, max-video-preview:-1\" \/>\n<link rel=\"canonical\" href=\"https:\/\/www.prefabri-africa.com\/fr\/ou-sommes-nous\/solutions-sur-mesure-de-prefabriques-et-batiments-modulaires-a-abidjan-cote-di\/\" \/>\n<meta property=\"og:locale\" content=\"fr_FR\" \/>\n<meta property=\"og:type\" content=\"article\" \/>\n<meta property=\"og:title\" content=\"PREFABRI AFRICA, solutions sur mesure de pr\u00e9fabriqu\u00e9s et b\u00e2timents modulaires \u00e0 Abidjan, C\u00f4te d&#039;I\" \/>\n<meta property=\"og:description\" content=\"PREFABRI AFRICA est leader du secteur de la construction modulaire et du pr\u00e9fabriqu\u00e9 Cote d&#039;Ivoire en Afrique, telles que bungalows de chantier, base de vie, logement social, hangar m\u00e9tallique et construction modulaire, et est pr\u00e9sente \u00e0 Abidjan, C\u00f4te d&#039;Ivoire.\" \/>\n<meta property=\"og:url\" content=\"https:\/\/www.prefabri-africa.com\/fr\/ou-sommes-nous\/solutions-sur-mesure-de-prefabriques-et-batiments-modulaires-a-abidjan-cote-di\/\" \/>\n<meta property=\"og:site_name\" content=\"PREFABRI AFRICA - Prefabricated Modular Buildings\" \/>\n<meta property=\"article:modified_time\" content=\"2018-04-30T11:04:16+00:00\" \/>\n<meta name=\"twitter:card\" content=\"summary_large_image\" \/>\n<meta name=\"twitter:label1\" content=\"Dur\u00e9e de lecture estim\u00e9e\" \/>\n\t<meta name=\"twitter:data1\" content=\"2 minutes\" \/>\n<script type=\"application\/ld+json\" class=\"yoast-schema-graph\">{\"@context\":\"https:\/\/schema.org\",\"@graph\":[{\"@type\":\"WebPage\",\"@id\":\"https:\/\/www.prefabri-africa.com\/fr\/ou-sommes-nous\/solutions-sur-mesure-de-prefabriques-et-batiments-modulaires-a-abidjan-cote-di\/\",\"url\":\"https:\/\/www.prefabri-africa.com\/fr\/ou-sommes-nous\/solutions-sur-mesure-de-prefabriques-et-batiments-modulaires-a-abidjan-cote-di\/\",\"name\":\"PREFABRI AFRICA, solutions sur mesure de pr\u00e9fabriqu\u00e9s et b\u00e2timents modulaires \u00e0 Abidjan, C\u00f4te d'I\",\"isPartOf\":{\"@id\":\"https:\/\/www.prefabri-africa.com\/#website\"},\"datePublished\":\"2015-11-29T17:56:58+00:00\",\"dateModified\":\"2018-04-30T11:04:16+00:00\",\"description\":\"PREFABRI AFRICA est leader du secteur de la construction modulaire et du pr\u00e9fabriqu\u00e9 Cote d'Ivoire en Afrique, telles que bungalows de chantier, base de vie, logement social, hangar m\u00e9tallique et construction modulaire, et est pr\u00e9sente \u00e0 Abidjan, C\u00f4te d'Ivoire.\",\"breadcrumb\":{\"@id\":\"https:\/\/www.prefabri-africa.com\/fr\/ou-sommes-nous\/solutions-sur-mesure-de-prefabriques-et-batiments-modulaires-a-abidjan-cote-di\/#breadcrumb\"},\"inLanguage\":\"fr-FR\",\"potentialAction\":[{\"@type\":\"ReadAction\",\"target\":[\"https:\/\/www.prefabri-africa.com\/fr\/ou-sommes-nous\/solutions-sur-mesure-de-prefabriques-et-batiments-modulaires-a-abidjan-cote-di\/\"]}]},{\"@type\":\"BreadcrumbList\",\"@id\":\"https:\/\/www.prefabri-africa.com\/fr\/ou-sommes-nous\/solutions-sur-mesure-de-prefabriques-et-batiments-modulaires-a-abidjan-cote-di\/#breadcrumb\",\"itemListElement\":[{\"@type\":\"ListItem\",\"position\":1,\"name\":\"Portada\",\"item\":\"https:\/\/www.prefabri-africa.com\/fr\/\"},{\"@type\":\"ListItem\",\"position\":2,\"name\":\"O\u00f9 sommes-nous\",\"item\":\"https:\/\/www.prefabri-africa.com\/fr\/ou-sommes-nous\/\"},{\"@type\":\"ListItem\",\"position\":3,\"name\":\"C\u00f4te d\u2019Ivoire\"}]},{\"@type\":\"WebSite\",\"@id\":\"https:\/\/www.prefabri-africa.com\/#website\",\"url\":\"https:\/\/www.prefabri-africa.com\/\",\"name\":\"PREFABRI AFRICA - Prefabricated Modular Buildings\",\"description\":\"Alquiler y venta de construcciones modulares, casetas de obra, marquesinas de aparcamiento y vallas y cerramientos.\",\"publisher\":{\"@id\":\"https:\/\/www.prefabri-africa.com\/#organization\"},\"potentialAction\":[{\"@type\":\"SearchAction\",\"target\":{\"@type\":\"EntryPoint\",\"urlTemplate\":\"https:\/\/www.prefabri-africa.com\/?s={search_term_string}\"},\"query-input\":\"required name=search_term_string\"}],\"inLanguage\":\"fr-FR\"},{\"@type\":\"Organization\",\"@id\":\"https:\/\/www.prefabri-africa.com\/#organization\",\"name\":\"Prefabri SL\",\"url\":\"https:\/\/www.prefabri-africa.com\/\",\"logo\":{\"@type\":\"ImageObject\",\"inLanguage\":\"fr-FR\",\"@id\":\"https:\/\/www.prefabri-africa.com\/#\/schema\/logo\/image\/\",\"url\":\"https:\/\/www.prefabri-africa.com\/wp-content\/uploads\/logo.png\",\"contentUrl\":\"https:\/\/www.prefabri-africa.com\/wp-content\/uploads\/logo.png\",\"width\":211,\"height\":103,\"caption\":\"Prefabri SL\"},\"image\":{\"@id\":\"https:\/\/www.prefabri-africa.com\/#\/schema\/logo\/image\/\"}}]}<\/script>\n<!-- \/ Yoast SEO plugin. -->","yoast_head_json":{"title":"PREFABRI AFRICA, solutions sur mesure de pr\u00e9fabriqu\u00e9s et b\u00e2timents modulaires \u00e0 Abidjan, C\u00f4te d'I","description":"PREFABRI AFRICA est leader du secteur de la construction modulaire et du pr\u00e9fabriqu\u00e9 Cote d'Ivoire en Afrique, telles que bungalows de chantier, base de vie, logement social, hangar m\u00e9tallique et construction modulaire, et est pr\u00e9sente \u00e0 Abidjan, C\u00f4te d'Ivoire.","robots":{"index":"index","follow":"follow","max-snippet":"max-snippet:-1","max-image-preview":"max-image-preview:large","max-video-preview":"max-video-preview:-1"},"canonical":"https:\/\/www.prefabri-africa.com\/fr\/ou-sommes-nous\/solutions-sur-mesure-de-prefabriques-et-batiments-modulaires-a-abidjan-cote-di\/","og_locale":"fr_FR","og_type":"article","og_title":"PREFABRI AFRICA, solutions sur mesure de pr\u00e9fabriqu\u00e9s et b\u00e2timents modulaires \u00e0 Abidjan, C\u00f4te d'I","og_description":"PREFABRI AFRICA est leader du secteur de la construction modulaire et du pr\u00e9fabriqu\u00e9 Cote d'Ivoire en Afrique, telles que bungalows de chantier, base de vie, logement social, hangar m\u00e9tallique et construction modulaire, et est pr\u00e9sente \u00e0 Abidjan, C\u00f4te d'Ivoire.","og_url":"https:\/\/www.prefabri-africa.com\/fr\/ou-sommes-nous\/solutions-sur-mesure-de-prefabriques-et-batiments-modulaires-a-abidjan-cote-di\/","og_site_name":"PREFABRI AFRICA - Prefabricated Modular Buildings","article_modified_time":"2018-04-30T11:04:16+00:00","twitter_card":"summary_large_image","twitter_misc":{"Dur\u00e9e de lecture estim\u00e9e":"2 minutes"},"schema":{"@context":"https:\/\/schema.org","@graph":[{"@type":"WebPage","@id":"https:\/\/www.prefabri-africa.com\/fr\/ou-sommes-nous\/solutions-sur-mesure-de-prefabriques-et-batiments-modulaires-a-abidjan-cote-di\/","url":"https:\/\/www.prefabri-africa.com\/fr\/ou-sommes-nous\/solutions-sur-mesure-de-prefabriques-et-batiments-modulaires-a-abidjan-cote-di\/","name":"PREFABRI AFRICA, solutions sur mesure de pr\u00e9fabriqu\u00e9s et b\u00e2timents modulaires \u00e0 Abidjan, C\u00f4te d'I","isPartOf":{"@id":"https:\/\/www.prefabri-africa.com\/#website"},"datePublished":"2015-11-29T17:56:58+00:00","dateModified":"2018-04-30T11:04:16+00:00","description":"PREFABRI AFRICA est leader du secteur de la construction modulaire et du pr\u00e9fabriqu\u00e9 Cote d'Ivoire en Afrique, telles que bungalows de chantier, base de vie, logement social, hangar m\u00e9tallique et construction modulaire, et est pr\u00e9sente \u00e0 Abidjan, C\u00f4te d'Ivoire.","breadcrumb":{"@id":"https:\/\/www.prefabri-africa.com\/fr\/ou-sommes-nous\/solutions-sur-mesure-de-prefabriques-et-batiments-modulaires-a-abidjan-cote-di\/#breadcrumb"},"inLanguage":"fr-FR","potentialAction":[{"@type":"ReadAction","target":["https:\/\/www.prefabri-africa.com\/fr\/ou-sommes-nous\/solutions-sur-mesure-de-prefabriques-et-batiments-modulaires-a-abidjan-cote-di\/"]}]},{"@type":"BreadcrumbList","@id":"https:\/\/www.prefabri-africa.com\/fr\/ou-sommes-nous\/solutions-sur-mesure-de-prefabriques-et-batiments-modulaires-a-abidjan-cote-di\/#breadcrumb","itemListElement":[{"@type":"ListItem","position":1,"name":"Portada","item":"https:\/\/www.prefabri-africa.com\/fr\/"},{"@type":"ListItem","position":2,"name":"O\u00f9 sommes-nous","item":"https:\/\/www.prefabri-africa.com\/fr\/ou-sommes-nous\/"},{"@type":"ListItem","position":3,"name":"C\u00f4te d\u2019Ivoire"}]},{"@type":"WebSite","@id":"https:\/\/www.prefabri-africa.com\/#website","url":"https:\/\/www.prefabri-africa.com\/","name":"PREFABRI AFRICA - Prefabricated Modular Buildings","description":"Alquiler y venta de construcciones modulares, casetas de obra, marquesinas de aparcamiento y vallas y cerramientos.","publisher":{"@id":"https:\/\/www.prefabri-africa.com\/#organization"},"potentialAction":[{"@type":"SearchAction","target":{"@type":"EntryPoint","urlTemplate":"https:\/\/www.prefabri-africa.com\/?s={search_term_string}"},"query-input":"required name=search_term_string"}],"inLanguage":"fr-FR"},{"@type":"Organization","@id":"https:\/\/www.prefabri-africa.com\/#organization","name":"Prefabri SL","url":"https:\/\/www.prefabri-africa.com\/","logo":{"@type":"ImageObject","inLanguage":"fr-FR","@id":"https:\/\/www.prefabri-africa.com\/#\/schema\/logo\/image\/","url":"https:\/\/www.prefabri-africa.com\/wp-content\/uploads\/logo.png","contentUrl":"https:\/\/www.prefabri-africa.com\/wp-content\/uploads\/logo.png","width":211,"height":103,"caption":"Prefabri SL"},"image":{"@id":"https:\/\/www.prefabri-africa.com\/#\/schema\/logo\/image\/"}}]}},"_links":{"self":[{"href":"https:\/\/www.prefabri-africa.com\/fr\/wp-json\/wp\/v2\/pages\/9377"}],"collection":[{"href":"https:\/\/www.prefabri-africa.com\/fr\/wp-json\/wp\/v2\/pages"}],"about":[{"href":"https:\/\/www.prefabri-africa.com\/fr\/wp-json\/wp\/v2\/types\/page"}],"author":[{"embeddable":true,"href":"https:\/\/www.prefabri-africa.com\/fr\/wp-json\/wp\/v2\/users\/4"}],"replies":[{"embeddable":true,"href":"https:\/\/www.prefabri-africa.com\/fr\/wp-json\/wp\/v2\/comments?post=9377"}],"version-history":[{"count":2,"href":"https:\/\/www.prefabri-africa.com\/fr\/wp-json\/wp\/v2\/pages\/9377\/revisions"}],"predecessor-version":[{"id":10650,"href":"https:\/\/www.prefabri-africa.com\/fr\/wp-json\/wp\/v2\/pages\/9377\/revisions\/10650"}],"up":[{"embeddable":true,"href":"https:\/\/www.prefabri-africa.com\/fr\/wp-json\/wp\/v2\/pages\/9226"}],"wp:attachment":[{"href":"https:\/\/www.prefabri-africa.com\/fr\/wp-json\/wp\/v2\/media?parent=9377"}],"curies":[{"name":"wp","href":"https:\/\/api.w.org\/{rel}","templated":true}]}}