{"id":9226,"date":"2015-09-20T20:47:34","date_gmt":"2015-09-20T20:47:34","guid":{"rendered":"http:\/\/www.prefabri-africa.com\/donde-estamos-2\/"},"modified":"2018-04-30T11:51:24","modified_gmt":"2018-04-30T11:51:24","slug":"ou-sommes-nous","status":"publish","type":"page","link":"https:\/\/www.prefabri-africa.com\/fr\/ou-sommes-nous\/","title":{"rendered":"O\u00f9 sommes-nous"},"content":{"rendered":"<\/div><\/div><\/div><!-- close content main div --><\/div><\/div><div id='av-layout-grid-1' class='av-layout-grid-container entry-content-wrapper main_color av-flex-cells    container_wrap sidebar_right'   >\n<div class=\"flex_cell no_margin av_one_third   \" style='vertical-align:top; padding:30px; '><div class='flex_cell_inner' ><p><div style='padding-bottom:10px; ' class='av-special-heading av-special-heading-h3     '><h3 class='av-special-heading-tag '  itemprop=\"headline\"  >Nigeria<\/h3><div class='special-heading-border'><div class='special-heading-inner-border' ><\/div><\/div><\/div><br \/>\n<div id='av_gmap_1' class='avia-google-map-container ' data-mapid='1' style='height: 200px;'><\/div><br \/>\n<section class=\"av_textblock_section \"  itemscope=\"itemscope\" itemtype=\"https:\/\/schema.org\/CreativeWork\" ><div class='avia_textblock  '   itemprop=\"text\" ><p><strong>Steelways Nigeria Limited<\/strong><\/p>\n<p><strong>Ikeja\u00a0| Lagos<\/strong><\/p>\n<p><strong>nigeria@prefabri-africa.com<\/strong><\/p>\n<p><a href=\"https:\/\/www.prefabri-africa.com\/en\/portacabins-and-prefabricated-buildings-in-nigeria\/\"><strong>www.prefabri-africa.com\/nigeria<\/strong><\/a><\/p>\n<\/div><\/section><\/p>\n<\/div><\/div><div class=\"flex_cell no_margin av_one_third   \" style='vertical-align:top; padding:30px; '><div class='flex_cell_inner' ><p><div style='padding-bottom:10px; ' class='av-special-heading av-special-heading-h3     '><h3 class='av-special-heading-tag '  itemprop=\"headline\"  >Ghana<\/h3><div class='special-heading-border'><div class='special-heading-inner-border' ><\/div><\/div><\/div><br \/>\n<div id='av_gmap_2' class='avia-google-map-container ' data-mapid='2' style='height: 200px;'><\/div><br \/>\n<section class=\"av_textblock_section \"  itemscope=\"itemscope\" itemtype=\"https:\/\/schema.org\/CreativeWork\" ><div class='avia_textblock  '   itemprop=\"text\" ><p><strong>Accra | Ghana<\/strong><\/p>\n<p><strong>ghana@prefabri-africa.com<\/strong><\/p>\n<p><a href=\"https:\/\/www.prefabri-africa.com\/en\/portacabins-and-prefabricated-buildings-in-ghana\/\"><strong>www.prefabri-africa.com\/ghana<\/strong><\/a><\/p>\n<\/div><\/section><\/p>\n<\/div><\/div><div class=\"flex_cell no_margin av_one_third   \" style='vertical-align:top; padding:30px; '><div class='flex_cell_inner' ><p><div style='padding-bottom:10px; ' class='av-special-heading av-special-heading-h3     '><h3 class='av-special-heading-tag '  itemprop=\"headline\"  >Senegal<\/h3><div class='special-heading-border'><div class='special-heading-inner-border' ><\/div><\/div><\/div><br \/>\n<div id='av_gmap_3' class='avia-google-map-container ' data-mapid='3' style='height: 200px;'><\/div><br \/>\n<section class=\"av_textblock_section \"  itemscope=\"itemscope\" itemtype=\"https:\/\/schema.org\/CreativeWork\" ><div class='avia_textblock  '   itemprop=\"text\" ><p><b>Dakar | Senegal<\/b><\/p>\n<p><strong>senegal@prefabri-africa.com<\/strong><\/p>\n<p><strong><a href=\"https:\/\/www.prefabri-africa.com\/fr\/entreprise-de-prefabriques-et-batiments-modulaires-au-senegal-a-dakar\/\">www.prefabri-africa.com\/senegal<\/a><\/strong><\/p>\n<\/div><\/section><\/p>\n<\/div><\/div><\/div><\/div><\/div><\/div><!-- close content main div --><\/div><\/div><div id='av-layout-grid-2' class='av-layout-grid-container entry-content-wrapper main_color av-flex-cells    container_wrap sidebar_right'   >\n<div class=\"flex_cell no_margin av_one_half   \" style='vertical-align:top; padding:30px; '><div class='flex_cell_inner' ><p><div style='padding-bottom:10px; ' class='av-special-heading av-special-heading-h3     '><h3 class='av-special-heading-tag '  itemprop=\"headline\"  >Mozambique<\/h3><div class='special-heading-border'><div class='special-heading-inner-border' ><\/div><\/div><\/div><br \/>\n<div id='av_gmap_4' class='avia-google-map-container ' data-mapid='4' style='height: 200px;'><\/div><br \/>\n<section class=\"av_textblock_section \"  itemscope=\"itemscope\" itemtype=\"https:\/\/schema.org\/CreativeWork\" ><div class='avia_textblock  '   itemprop=\"text\" ><p><strong>SANLO MOZAMBIQUE<\/strong><\/p>\n<p><strong>Rua Maringanha s\/n<\/strong><\/p>\n<p><strong>Pemba \/ Cabo Delgado<\/strong><\/p>\n<p><strong>Mozambique<\/strong><\/p>\n<p><strong>Tel: +258 865 357 565<\/strong><\/p>\n<p><strong><a href=\"mailto:mozambique@prefabri-africa.com\">mozambique@prefabri-africa.com<\/a> <\/strong><\/p>\n<p><strong><a href=\"https:\/\/www.prefabri-africa.com\/mozambique\">www.prefabri-africa.com\/mozambique<\/a><\/strong><\/p>\n<\/div><\/section><\/p>\n<\/div><\/div><div class=\"flex_cell no_margin av_one_half   \" style='vertical-align:top; padding:30px; '><div class='flex_cell_inner' ><p><div style='padding-bottom:10px; ' class='av-special-heading av-special-heading-h3     '><h3 class='av-special-heading-tag '  itemprop=\"headline\"  >C\u00f2te d\u2019Ivoire<\/h3><div class='special-heading-border'><div class='special-heading-inner-border' ><\/div><\/div><\/div><br \/>\n<div id='av_gmap_5' class='avia-google-map-container ' data-mapid='5' style='height: 200px;'><\/div><br \/>\n<section class=\"av_textblock_section \"  itemscope=\"itemscope\" itemtype=\"https:\/\/schema.org\/CreativeWork\" ><div class='avia_textblock  '   itemprop=\"text\" ><p><strong>Afrik Prefabrik<\/strong><\/p>\n<p><strong>Youmna Farid,<\/strong><\/p>\n<p><strong>+225 7998 1972<\/strong><\/p>\n<p><strong>Abidjan<\/strong><\/p>\n<p><strong>Costa de Marfil<\/strong><\/p>\n<p><strong><a href=\"mailto:yfarid@afrik-prefabrik.com\">yfarid@afrik-prefabrik.com<\/a><\/strong><\/p>\n<p><a href=\"https:\/\/www.prefabri-africa.com\/fr\/ou-sommes-nous\/solutions-sur-mesure-de-prefabriques-et-batiments-modulaires-a-abidjan-cote-di\/\"><strong>www.prefabri-africa.com\/fr\/ou-sommes-nous\/cote-divoire<\/strong><\/a><\/p>\n<\/div><\/section><\/p>\n<\/div><\/div><\/div><\/div><\/div><\/div><!-- close content main div --><\/div><\/div><div id='av_section_1' class='avia-section main_color avia-section-default avia-no-shadow avia-bg-style-scroll   container_wrap sidebar_right' style = 'background-color: #105714; background-image: '  ><div class='container' ><div class='template-page content  av-content-small alpha units'><div class='post-entry post-entry-type-page post-entry-9226'><div class='entry-content-wrapper clearfix'>\n<div style='padding-bottom:10px; color:#ffffff;' class='av-special-heading av-special-heading-h4 custom-color-heading blockquote modern-quote modern-centered  '><h4 class='av-special-heading-tag '  itemprop=\"headline\"  >Si vous souhaitez devenir repr\u00e9sentant de PREFABRI AFRICA dans votre pays, n\u2019h\u00e9sitez pas \u00e0 prendre contact avec nous.<\/h4><div class ='av-subheading av-subheading_below av_custom_color ' style='font-size:15px;'><p>info@prefabri-africa.com<\/p>\n<\/div><div class='special-heading-border'><div class='special-heading-inner-border' style='border-color:#ffffff'><\/div><\/div><\/div>\n<\/div><\/div><\/div><!-- close content main div --><\/div><\/div><div id='after_section_1' class='main_color av_default_container_wrap container_wrap sidebar_right'   ><div class='container' ><div class='template-page content  av-content-small alpha units'><div class='post-entry post-entry-type-page post-entry-9226'><div class='entry-content-wrapper clearfix'><\/p>\n","protected":false},"excerpt":{"rendered":"","protected":false},"author":4,"featured_media":0,"parent":0,"menu_order":0,"comment_status":"closed","ping_status":"closed","template":"","meta":{"footnotes":""},"yoast_head":"<!-- This site is optimized with the Yoast SEO plugin v21.7 - https:\/\/yoast.com\/wordpress\/plugins\/seo\/ -->\n<title>PREFABRI AFRICA \u2013 Constructions modulaires pr\u00e9fabriqu\u00e9es en Afrique<\/title>\n<meta name=\"description\" content=\"PREFABRI AFRICA op\u00e8re depuis l\u00b4Afrique enti\u00e8re : S\u00e9n\u00e9gal, Gana, Cameroun, Guin\u00e9e, Burkina Faso, Gabon ...\" \/>\n<meta name=\"robots\" content=\"index, follow, max-snippet:-1, max-image-preview:large, max-video-preview:-1\" \/>\n<link rel=\"canonical\" href=\"https:\/\/www.prefabri-africa.com\/fr\/ou-sommes-nous\/\" \/>\n<meta property=\"og:locale\" content=\"fr_FR\" \/>\n<meta property=\"og:type\" content=\"article\" \/>\n<meta property=\"og:title\" content=\"PREFABRI AFRICA \u2013 Constructions modulaires pr\u00e9fabriqu\u00e9es en Afrique\" \/>\n<meta property=\"og:description\" content=\"PREFABRI AFRICA op\u00e8re depuis l\u00b4Afrique enti\u00e8re : S\u00e9n\u00e9gal, Gana, Cameroun, Guin\u00e9e, Burkina Faso, Gabon ...\" \/>\n<meta property=\"og:url\" content=\"https:\/\/www.prefabri-africa.com\/fr\/ou-sommes-nous\/\" \/>\n<meta property=\"og:site_name\" content=\"PREFABRI AFRICA - Prefabricated Modular Buildings\" \/>\n<meta property=\"article:modified_time\" content=\"2018-04-30T11:51:24+00:00\" \/>\n<meta name=\"twitter:card\" content=\"summary_large_image\" \/>\n<meta name=\"twitter:label1\" content=\"Dur\u00e9e de lecture estim\u00e9e\" \/>\n\t<meta name=\"twitter:data1\" content=\"6 minutes\" \/>\n<script type=\"application\/ld+json\" class=\"yoast-schema-graph\">{\"@context\":\"https:\/\/schema.org\",\"@graph\":[{\"@type\":\"WebPage\",\"@id\":\"https:\/\/www.prefabri-africa.com\/fr\/ou-sommes-nous\/\",\"url\":\"https:\/\/www.prefabri-africa.com\/fr\/ou-sommes-nous\/\",\"name\":\"PREFABRI AFRICA \u2013 Constructions modulaires pr\u00e9fabriqu\u00e9es en Afrique\",\"isPartOf\":{\"@id\":\"https:\/\/www.prefabri-africa.com\/#website\"},\"datePublished\":\"2015-09-20T20:47:34+00:00\",\"dateModified\":\"2018-04-30T11:51:24+00:00\",\"description\":\"PREFABRI AFRICA op\u00e8re depuis l\u00b4Afrique enti\u00e8re : S\u00e9n\u00e9gal, Gana, Cameroun, Guin\u00e9e, Burkina Faso, Gabon ...\",\"breadcrumb\":{\"@id\":\"https:\/\/www.prefabri-africa.com\/fr\/ou-sommes-nous\/#breadcrumb\"},\"inLanguage\":\"fr-FR\",\"potentialAction\":[{\"@type\":\"ReadAction\",\"target\":[\"https:\/\/www.prefabri-africa.com\/fr\/ou-sommes-nous\/\"]}]},{\"@type\":\"BreadcrumbList\",\"@id\":\"https:\/\/www.prefabri-africa.com\/fr\/ou-sommes-nous\/#breadcrumb\",\"itemListElement\":[{\"@type\":\"ListItem\",\"position\":1,\"name\":\"Portada\",\"item\":\"https:\/\/www.prefabri-africa.com\/fr\/\"},{\"@type\":\"ListItem\",\"position\":2,\"name\":\"O\u00f9 sommes-nous\"}]},{\"@type\":\"WebSite\",\"@id\":\"https:\/\/www.prefabri-africa.com\/#website\",\"url\":\"https:\/\/www.prefabri-africa.com\/\",\"name\":\"PREFABRI AFRICA - Prefabricated Modular Buildings\",\"description\":\"Alquiler y venta de construcciones modulares, casetas de obra, marquesinas de aparcamiento y vallas y cerramientos.\",\"publisher\":{\"@id\":\"https:\/\/www.prefabri-africa.com\/#organization\"},\"potentialAction\":[{\"@type\":\"SearchAction\",\"target\":{\"@type\":\"EntryPoint\",\"urlTemplate\":\"https:\/\/www.prefabri-africa.com\/?s={search_term_string}\"},\"query-input\":\"required name=search_term_string\"}],\"inLanguage\":\"fr-FR\"},{\"@type\":\"Organization\",\"@id\":\"https:\/\/www.prefabri-africa.com\/#organization\",\"name\":\"Prefabri SL\",\"url\":\"https:\/\/www.prefabri-africa.com\/\",\"logo\":{\"@type\":\"ImageObject\",\"inLanguage\":\"fr-FR\",\"@id\":\"https:\/\/www.prefabri-africa.com\/#\/schema\/logo\/image\/\",\"url\":\"https:\/\/www.prefabri-africa.com\/wp-content\/uploads\/logo.png\",\"contentUrl\":\"https:\/\/www.prefabri-africa.com\/wp-content\/uploads\/logo.png\",\"width\":211,\"height\":103,\"caption\":\"Prefabri SL\"},\"image\":{\"@id\":\"https:\/\/www.prefabri-africa.com\/#\/schema\/logo\/image\/\"}}]}<\/script>\n<!-- \/ Yoast SEO plugin. -->","yoast_head_json":{"title":"PREFABRI AFRICA \u2013 Constructions modulaires pr\u00e9fabriqu\u00e9es en Afrique","description":"PREFABRI AFRICA op\u00e8re depuis l\u00b4Afrique enti\u00e8re : S\u00e9n\u00e9gal, Gana, Cameroun, Guin\u00e9e, Burkina Faso, Gabon ...","robots":{"index":"index","follow":"follow","max-snippet":"max-snippet:-1","max-image-preview":"max-image-preview:large","max-video-preview":"max-video-preview:-1"},"canonical":"https:\/\/www.prefabri-africa.com\/fr\/ou-sommes-nous\/","og_locale":"fr_FR","og_type":"article","og_title":"PREFABRI AFRICA \u2013 Constructions modulaires pr\u00e9fabriqu\u00e9es en Afrique","og_description":"PREFABRI AFRICA op\u00e8re depuis l\u00b4Afrique enti\u00e8re : S\u00e9n\u00e9gal, Gana, Cameroun, Guin\u00e9e, Burkina Faso, Gabon ...","og_url":"https:\/\/www.prefabri-africa.com\/fr\/ou-sommes-nous\/","og_site_name":"PREFABRI AFRICA - Prefabricated Modular Buildings","article_modified_time":"2018-04-30T11:51:24+00:00","twitter_card":"summary_large_image","twitter_misc":{"Dur\u00e9e de lecture estim\u00e9e":"6 minutes"},"schema":{"@context":"https:\/\/schema.org","@graph":[{"@type":"WebPage","@id":"https:\/\/www.prefabri-africa.com\/fr\/ou-sommes-nous\/","url":"https:\/\/www.prefabri-africa.com\/fr\/ou-sommes-nous\/","name":"PREFABRI AFRICA \u2013 Constructions modulaires pr\u00e9fabriqu\u00e9es en Afrique","isPartOf":{"@id":"https:\/\/www.prefabri-africa.com\/#website"},"datePublished":"2015-09-20T20:47:34+00:00","dateModified":"2018-04-30T11:51:24+00:00","description":"PREFABRI AFRICA op\u00e8re depuis l\u00b4Afrique enti\u00e8re : S\u00e9n\u00e9gal, Gana, Cameroun, Guin\u00e9e, Burkina Faso, Gabon ...","breadcrumb":{"@id":"https:\/\/www.prefabri-africa.com\/fr\/ou-sommes-nous\/#breadcrumb"},"inLanguage":"fr-FR","potentialAction":[{"@type":"ReadAction","target":["https:\/\/www.prefabri-africa.com\/fr\/ou-sommes-nous\/"]}]},{"@type":"BreadcrumbList","@id":"https:\/\/www.prefabri-africa.com\/fr\/ou-sommes-nous\/#breadcrumb","itemListElement":[{"@type":"ListItem","position":1,"name":"Portada","item":"https:\/\/www.prefabri-africa.com\/fr\/"},{"@type":"ListItem","position":2,"name":"O\u00f9 sommes-nous"}]},{"@type":"WebSite","@id":"https:\/\/www.prefabri-africa.com\/#website","url":"https:\/\/www.prefabri-africa.com\/","name":"PREFABRI AFRICA - Prefabricated Modular Buildings","description":"Alquiler y venta de construcciones modulares, casetas de obra, marquesinas de aparcamiento y vallas y cerramientos.","publisher":{"@id":"https:\/\/www.prefabri-africa.com\/#organization"},"potentialAction":[{"@type":"SearchAction","target":{"@type":"EntryPoint","urlTemplate":"https:\/\/www.prefabri-africa.com\/?s={search_term_string}"},"query-input":"required name=search_term_string"}],"inLanguage":"fr-FR"},{"@type":"Organization","@id":"https:\/\/www.prefabri-africa.com\/#organization","name":"Prefabri SL","url":"https:\/\/www.prefabri-africa.com\/","logo":{"@type":"ImageObject","inLanguage":"fr-FR","@id":"https:\/\/www.prefabri-africa.com\/#\/schema\/logo\/image\/","url":"https:\/\/www.prefabri-africa.com\/wp-content\/uploads\/logo.png","contentUrl":"https:\/\/www.prefabri-africa.com\/wp-content\/uploads\/logo.png","width":211,"height":103,"caption":"Prefabri SL"},"image":{"@id":"https:\/\/www.prefabri-africa.com\/#\/schema\/logo\/image\/"}}]}},"_links":{"self":[{"href":"https:\/\/www.prefabri-africa.com\/fr\/wp-json\/wp\/v2\/pages\/9226"}],"collection":[{"href":"https:\/\/www.prefabri-africa.com\/fr\/wp-json\/wp\/v2\/pages"}],"about":[{"href":"https:\/\/www.prefabri-africa.com\/fr\/wp-json\/wp\/v2\/types\/page"}],"author":[{"embeddable":true,"href":"https:\/\/www.prefabri-africa.com\/fr\/wp-json\/wp\/v2\/users\/4"}],"replies":[{"embeddable":true,"href":"https:\/\/www.prefabri-africa.com\/fr\/wp-json\/wp\/v2\/comments?post=9226"}],"version-history":[{"count":7,"href":"https:\/\/www.prefabri-africa.com\/fr\/wp-json\/wp\/v2\/pages\/9226\/revisions"}],"predecessor-version":[{"id":10706,"href":"https:\/\/www.prefabri-africa.com\/fr\/wp-json\/wp\/v2\/pages\/9226\/revisions\/10706"}],"wp:attachment":[{"href":"https:\/\/www.prefabri-africa.com\/fr\/wp-json\/wp\/v2\/media?parent=9226"}],"curies":[{"name":"wp","href":"https:\/\/api.w.org\/{rel}","templated":true}]}}