{"id":3288,"date":"2013-10-21T12:40:18","date_gmt":"2013-10-21T12:40:18","guid":{"rendered":"http:\/\/www.prefabri-africa.com\/?page_id=3288"},"modified":"2016-01-13T17:44:33","modified_gmt":"2016-01-13T17:44:33","slug":"project-management","status":"publish","type":"page","link":"https:\/\/www.prefabri-africa.com\/fr\/project-management\/","title":{"rendered":"Project Management"},"content":{"rendered":"<\/div><\/div><\/div><!-- close content main div --><\/div><\/div><div id='av_section_1' class='avia-section main_color avia-section-default avia-no-shadow avia-bg-style-scroll   container_wrap sidebar_right' style = 'background-color: #105714; background-image: '  ><div class='container' ><div class='template-page content  av-content-small alpha units'><div class='post-entry post-entry-type-page post-entry-3288'><div class='entry-content-wrapper clearfix'>\n<div style='padding-bottom:10px; color:#ffffff;font-size:25px;' class='av-special-heading av-special-heading-h5 custom-color-heading blockquote modern-quote modern-centered  av-inherit-size '><h5 class='av-special-heading-tag '  itemprop=\"headline\"  >PREFABRI AFRICA propose des services de gestion de projets pour tout type de projet de constructions (logements, bureaux, installations industrielles, \u00e9ducation, sant\u00e9, centres commerciaux, h\u00f4tels etc\u2026)<\/h5><div class='special-heading-border'><div class='special-heading-inner-border' style='border-color:#ffffff'><\/div><\/div><\/div>\n<\/div><\/div><\/div><!-- close content main div --><\/div><\/div><div id='after_section_1' class='main_color av_default_container_wrap container_wrap sidebar_right'   ><div class='container' ><div class='template-page content  av-content-small alpha units'><div class='post-entry post-entry-type-page post-entry-3288'><div class='entry-content-wrapper clearfix'><div class=\"flex_column av_one_half  flex_column_div av-zero-column-padding first  \" style='border-radius:0px; '><div  data-autoplay='true'  data-interval='7'  data-animation='fade'  data-show_slide_delay='30'  class='avia-content-slider-element-container avia-content-slider-element-slider avia-content-slider avia-smallarrow-slider avia-content-slider-active avia-content-slider1 avia-content-slider-odd  ' ><div class='avia-smallarrow-slider-heading  no-content-slider-navigation  no-content-slider-heading '><div class='new-special-heading'>&nbsp;<\/div><\/div><div class='avia-content-slider-inner'><div class='slide-entry-wrap'><section class='slide-entry flex_column post-entry slide-entry-overview slide-loop-1 slide-parity-odd  av_fullwidth first'  itemscope=\"itemscope\" itemtype=\"https:\/\/schema.org\/CreativeWork\" ><h3 class='slide-entry-title entry-title'  itemprop=\"headline\" >Nous y apportons de la valeur\u2026<\/h3><div class='slide-entry-excerpt entry-content'  itemprop=\"text\" ><p>Nous proposons \u00e0 chaque client des syst\u00e8mes de travail bas\u00e9s sur des proc\u00e9d\u00e9s internationaux et sur notre propre exp\u00e9rience, \u00e9tant capables de r\u00e9aliser le design et de donner les r\u00e9ponses les plus adapt\u00e9es aux envies et id\u00e9es de chaque client, tout en restant respectueux des concepts de qualit\u00e9, de d\u00e9veloppement durable et d\u2019efficacit\u00e9 \u00e9nerg\u00e9tique.<\/p>\n<\/div><\/section><\/div><div class='slide-entry-wrap'><section class='slide-entry flex_column post-entry slide-entry-overview slide-loop-2 slide-parity-odd  av_fullwidth first'  itemscope=\"itemscope\" itemtype=\"https:\/\/schema.org\/CreativeWork\" ><h3 class='slide-entry-title entry-title'  itemprop=\"headline\" >Nous atteignons nos objectifs<\/h3><div class='slide-entry-excerpt entry-content'  itemprop=\"text\" ><p>Nous garantissons l\u2019accomplissement de chaque objectif concernant les co\u00fbts, d\u00e9lais et la qualit\u00e9, durant toutes les phases du projet, depuis le design (efficace et durable) jusqu\u2019\u00e0 la construction (efficiente, rigoureuse et durable).<\/p>\n<\/div><\/section><\/div><div class='slide-entry-wrap'><section class='slide-entry flex_column post-entry slide-entry-overview slide-loop-3 slide-parity-odd  av_fullwidth first'  itemscope=\"itemscope\" itemtype=\"https:\/\/schema.org\/CreativeWork\" ><h3 class='slide-entry-title entry-title'  itemprop=\"headline\" >B\u00e9n\u00e9fice maximum<\/h3><div class='slide-entry-excerpt entry-content'  itemprop=\"text\" ><p>Nous proposons une large gamme de service pour couvrir tous les besoins de nos clients, avec des syst\u00e8mes de travail bas\u00e9s sur l\u2019efficacit\u00e9 et le meilleur suivi pour garantir l\u2019obtention maximum de b\u00e9n\u00e9fices quant au projet.<\/p>\n<\/div><\/section><\/div><div class='slide-entry-wrap'><section class='slide-entry flex_column post-entry slide-entry-overview slide-loop-4 slide-parity-odd  av_fullwidth first'  itemscope=\"itemscope\" itemtype=\"https:\/\/schema.org\/CreativeWork\" ><h3 class='slide-entry-title entry-title'  itemprop=\"headline\" >Contr\u00f4le des risques<\/h3><div class='slide-entry-excerpt entry-content'  itemprop=\"text\" ><p>Nous mesurons les risques et menaces li\u00e9s \u00e0 l\u2019environnement et \u00e9tablissons \u00e0 chaque instant des mesures qui contribuent \u00e0 contr\u00f4ler et g\u00e9rer ces risques pour atteindre les objectifs \u00e9tablis.<\/p>\n<\/div><\/section><\/div><div class='slide-entry-wrap'><section class='slide-entry flex_column post-entry slide-entry-overview slide-loop-5 slide-parity-odd  post-entry-last  av_fullwidth first'  itemscope=\"itemscope\" itemtype=\"https:\/\/schema.org\/CreativeWork\" ><h3 class='slide-entry-title entry-title'  itemprop=\"headline\" >Projets personnalis\u00e9s<\/h3><div class='slide-entry-excerpt entry-content'  itemprop=\"text\" ><p>Nous travaillons en \u00e9quipe afin d\u2019\u00e9tablir des relations \u00e9troites avec nos clients. Nous sommes votre \u00e9quipe technique de design et de gestion, prenant soin de transmettre toute information de mani\u00e8re sinc\u00e8re et \u00e0 chaque \u00e9volution de la situation du projet.<\/p>\n<\/div><\/section><\/div><\/div><\/div><\/div><\/p>\n<div class=\"flex_column av_one_half  flex_column_div av-zero-column-padding   \" style='border-radius:0px; '><div  data-size='featured'  data-lightbox_size='large'  data-animation='fade'  data-ids='9165,9159,9168,9162,9171'  data-video_counter='0'  data-autoplay='true'  data-bg_slider='false'  data-slide_height=''  data-handle='av_slideshow'  data-interval='7'  data-class=' '  data-css_id=''  data-scroll_down=''  data-control_layout=''  data-custom_markup=''  data-perma_caption=''  data-autoplay_stopper=''  data-image_attachment=''  data-min_height='0px'  data-default-height='28.666666666667'  class='avia-slideshow avia-slideshow-1  av-default-height-applied avia-slideshow-featured av_slideshow   avia-fade-slider '  itemprop=\"ImageObject\" itemscope=\"itemscope\" itemtype=\"https:\/\/schema.org\/ImageObject\" ><ul class='avia-slideshow-inner' style='padding-bottom: 53.75%;'><li  class=' slide-1 ' ><div data-rel='slideshow-1' class='avia-slide-wrap'  ><img src='https:\/\/www.prefabri-africa.com\/wp-content\/uploads\/141007-Las.Rozas_.0321-800x430.jpg' width='800' height='430' title='141007-Las.Rozas_.032' alt=''  itemprop=\"thumbnailUrl\"   \/><\/div><\/li><li  class=' slide-2 ' ><div data-rel='slideshow-1' class='avia-slide-wrap'  ><img src='https:\/\/www.prefabri-africa.com\/wp-content\/uploads\/140527-Edificio-5-plantas-800x430.jpg' width='800' height='430' title='140527-Edificio-5-plantas' alt=''  itemprop=\"thumbnailUrl\"   \/><\/div><\/li><li  class=' slide-3 ' ><div data-rel='slideshow-1' class='avia-slide-wrap'  ><img src='https:\/\/www.prefabri-africa.com\/wp-content\/uploads\/Z9Q-0010150-600x430.jpg' width='600' height='430' title='Z9Q-0010150' alt=''  itemprop=\"thumbnailUrl\"   \/><\/div><\/li><li  class=' slide-4 ' ><div data-rel='slideshow-1' class='avia-slide-wrap'  ><img src='https:\/\/www.prefabri-africa.com\/wp-content\/uploads\/141004-Takoradi.hostel.beades.01.png' width='800' height='344' title='141004-Takoradi.hostel.beades.01' alt=''  itemprop=\"thumbnailUrl\"   \/><\/div><\/li><li  class=' slide-5 ' ><div data-rel='slideshow-1' class='avia-slide-wrap'  ><img src='https:\/\/www.prefabri-africa.com\/wp-content\/uploads\/141030-Resort.02-800x430.jpg' width='800' height='430' title='141030-Resort.02' alt=''  itemprop=\"thumbnailUrl\"   \/><\/div><\/li><\/ul><div class='avia-slideshow-arrows avia-slideshow-controls'><a href='#prev' class='prev-slide' aria-hidden='true' data-av_icon='\ue87c' data-av_iconfont='entypo-fontello'>Pr\u00e9c\u00e9dent<\/a><a href='#next' class='next-slide' aria-hidden='true' data-av_icon='\ue87d' data-av_iconfont='entypo-fontello'>Suivant<\/a><\/div><div class='avia-slideshow-dots avia-slideshow-controls'><a href='#1' class='goto-slide active' >1<\/a><a href='#2' class='goto-slide ' >2<\/a><a href='#3' class='goto-slide ' >3<\/a><a href='#4' class='goto-slide ' >4<\/a><a href='#5' class='goto-slide ' >5<\/a><\/div><\/div><\/div>\n","protected":false},"excerpt":{"rendered":"","protected":false},"author":4,"featured_media":0,"parent":0,"menu_order":0,"comment_status":"closed","ping_status":"closed","template":"","meta":{"footnotes":""},"yoast_head":"<!-- This site is optimized with the Yoast SEO plugin v21.7 - https:\/\/yoast.com\/wordpress\/plugins\/seo\/ -->\n<title>PREFABRI AFRICA \u2013 Services de gestion de projets pour constructions industrialis\u00e9es<\/title>\n<meta name=\"description\" content=\"PREFABRI AFRICA propose un service de management de projet pour tout type de projet de constructions de logements, bureaux, installations industrielles, \u00e9ducation, sant\u00e9, s\u00e9curit\u00e9, transport etc\" \/>\n<meta name=\"robots\" content=\"index, follow, max-snippet:-1, max-image-preview:large, max-video-preview:-1\" \/>\n<link rel=\"canonical\" href=\"https:\/\/www.prefabri-africa.com\/fr\/project-management\/\" \/>\n<meta property=\"og:locale\" content=\"fr_FR\" \/>\n<meta property=\"og:type\" content=\"article\" \/>\n<meta property=\"og:title\" content=\"PREFABRI AFRICA \u2013 Services de gestion de projets pour constructions industrialis\u00e9es\" \/>\n<meta property=\"og:description\" content=\"PREFABRI AFRICA propose un service de management de projet pour tout type de projet de constructions de logements, bureaux, installations industrielles, \u00e9ducation, sant\u00e9, s\u00e9curit\u00e9, transport etc\" \/>\n<meta property=\"og:url\" content=\"https:\/\/www.prefabri-africa.com\/fr\/project-management\/\" \/>\n<meta property=\"og:site_name\" content=\"PREFABRI AFRICA - Prefabricated Modular Buildings\" \/>\n<meta property=\"article:modified_time\" content=\"2016-01-13T17:44:33+00:00\" \/>\n<meta name=\"twitter:card\" content=\"summary_large_image\" \/>\n<meta name=\"twitter:label1\" content=\"Dur\u00e9e de lecture estim\u00e9e\" \/>\n\t<meta name=\"twitter:data1\" content=\"4 minutes\" \/>\n<script type=\"application\/ld+json\" class=\"yoast-schema-graph\">{\"@context\":\"https:\/\/schema.org\",\"@graph\":[{\"@type\":\"WebPage\",\"@id\":\"https:\/\/www.prefabri-africa.com\/fr\/project-management\/\",\"url\":\"https:\/\/www.prefabri-africa.com\/fr\/project-management\/\",\"name\":\"PREFABRI AFRICA \u2013 Services de gestion de projets pour constructions industrialis\u00e9es\",\"isPartOf\":{\"@id\":\"https:\/\/www.prefabri-africa.com\/#website\"},\"datePublished\":\"2013-10-21T12:40:18+00:00\",\"dateModified\":\"2016-01-13T17:44:33+00:00\",\"description\":\"PREFABRI AFRICA propose un service de management de projet pour tout type de projet de constructions de logements, bureaux, installations industrielles, \u00e9ducation, sant\u00e9, s\u00e9curit\u00e9, transport etc\",\"breadcrumb\":{\"@id\":\"https:\/\/www.prefabri-africa.com\/fr\/project-management\/#breadcrumb\"},\"inLanguage\":\"fr-FR\",\"potentialAction\":[{\"@type\":\"ReadAction\",\"target\":[\"https:\/\/www.prefabri-africa.com\/fr\/project-management\/\"]}]},{\"@type\":\"BreadcrumbList\",\"@id\":\"https:\/\/www.prefabri-africa.com\/fr\/project-management\/#breadcrumb\",\"itemListElement\":[{\"@type\":\"ListItem\",\"position\":1,\"name\":\"Portada\",\"item\":\"https:\/\/www.prefabri-africa.com\/fr\/\"},{\"@type\":\"ListItem\",\"position\":2,\"name\":\"Project Management\"}]},{\"@type\":\"WebSite\",\"@id\":\"https:\/\/www.prefabri-africa.com\/#website\",\"url\":\"https:\/\/www.prefabri-africa.com\/\",\"name\":\"PREFABRI AFRICA - Prefabricated Modular Buildings\",\"description\":\"Alquiler y venta de construcciones modulares, casetas de obra, marquesinas de aparcamiento y vallas y cerramientos.\",\"publisher\":{\"@id\":\"https:\/\/www.prefabri-africa.com\/#organization\"},\"potentialAction\":[{\"@type\":\"SearchAction\",\"target\":{\"@type\":\"EntryPoint\",\"urlTemplate\":\"https:\/\/www.prefabri-africa.com\/?s={search_term_string}\"},\"query-input\":\"required name=search_term_string\"}],\"inLanguage\":\"fr-FR\"},{\"@type\":\"Organization\",\"@id\":\"https:\/\/www.prefabri-africa.com\/#organization\",\"name\":\"Prefabri SL\",\"url\":\"https:\/\/www.prefabri-africa.com\/\",\"logo\":{\"@type\":\"ImageObject\",\"inLanguage\":\"fr-FR\",\"@id\":\"https:\/\/www.prefabri-africa.com\/#\/schema\/logo\/image\/\",\"url\":\"https:\/\/www.prefabri-africa.com\/wp-content\/uploads\/logo.png\",\"contentUrl\":\"https:\/\/www.prefabri-africa.com\/wp-content\/uploads\/logo.png\",\"width\":211,\"height\":103,\"caption\":\"Prefabri SL\"},\"image\":{\"@id\":\"https:\/\/www.prefabri-africa.com\/#\/schema\/logo\/image\/\"}}]}<\/script>\n<!-- \/ Yoast SEO plugin. -->","yoast_head_json":{"title":"PREFABRI AFRICA \u2013 Services de gestion de projets pour constructions industrialis\u00e9es","description":"PREFABRI AFRICA propose un service de management de projet pour tout type de projet de constructions de logements, bureaux, installations industrielles, \u00e9ducation, sant\u00e9, s\u00e9curit\u00e9, transport etc","robots":{"index":"index","follow":"follow","max-snippet":"max-snippet:-1","max-image-preview":"max-image-preview:large","max-video-preview":"max-video-preview:-1"},"canonical":"https:\/\/www.prefabri-africa.com\/fr\/project-management\/","og_locale":"fr_FR","og_type":"article","og_title":"PREFABRI AFRICA \u2013 Services de gestion de projets pour constructions industrialis\u00e9es","og_description":"PREFABRI AFRICA propose un service de management de projet pour tout type de projet de constructions de logements, bureaux, installations industrielles, \u00e9ducation, sant\u00e9, s\u00e9curit\u00e9, transport etc","og_url":"https:\/\/www.prefabri-africa.com\/fr\/project-management\/","og_site_name":"PREFABRI AFRICA - Prefabricated Modular Buildings","article_modified_time":"2016-01-13T17:44:33+00:00","twitter_card":"summary_large_image","twitter_misc":{"Dur\u00e9e de lecture estim\u00e9e":"4 minutes"},"schema":{"@context":"https:\/\/schema.org","@graph":[{"@type":"WebPage","@id":"https:\/\/www.prefabri-africa.com\/fr\/project-management\/","url":"https:\/\/www.prefabri-africa.com\/fr\/project-management\/","name":"PREFABRI AFRICA \u2013 Services de gestion de projets pour constructions industrialis\u00e9es","isPartOf":{"@id":"https:\/\/www.prefabri-africa.com\/#website"},"datePublished":"2013-10-21T12:40:18+00:00","dateModified":"2016-01-13T17:44:33+00:00","description":"PREFABRI AFRICA propose un service de management de projet pour tout type de projet de constructions de logements, bureaux, installations industrielles, \u00e9ducation, sant\u00e9, s\u00e9curit\u00e9, transport etc","breadcrumb":{"@id":"https:\/\/www.prefabri-africa.com\/fr\/project-management\/#breadcrumb"},"inLanguage":"fr-FR","potentialAction":[{"@type":"ReadAction","target":["https:\/\/www.prefabri-africa.com\/fr\/project-management\/"]}]},{"@type":"BreadcrumbList","@id":"https:\/\/www.prefabri-africa.com\/fr\/project-management\/#breadcrumb","itemListElement":[{"@type":"ListItem","position":1,"name":"Portada","item":"https:\/\/www.prefabri-africa.com\/fr\/"},{"@type":"ListItem","position":2,"name":"Project Management"}]},{"@type":"WebSite","@id":"https:\/\/www.prefabri-africa.com\/#website","url":"https:\/\/www.prefabri-africa.com\/","name":"PREFABRI AFRICA - Prefabricated Modular Buildings","description":"Alquiler y venta de construcciones modulares, casetas de obra, marquesinas de aparcamiento y vallas y cerramientos.","publisher":{"@id":"https:\/\/www.prefabri-africa.com\/#organization"},"potentialAction":[{"@type":"SearchAction","target":{"@type":"EntryPoint","urlTemplate":"https:\/\/www.prefabri-africa.com\/?s={search_term_string}"},"query-input":"required name=search_term_string"}],"inLanguage":"fr-FR"},{"@type":"Organization","@id":"https:\/\/www.prefabri-africa.com\/#organization","name":"Prefabri SL","url":"https:\/\/www.prefabri-africa.com\/","logo":{"@type":"ImageObject","inLanguage":"fr-FR","@id":"https:\/\/www.prefabri-africa.com\/#\/schema\/logo\/image\/","url":"https:\/\/www.prefabri-africa.com\/wp-content\/uploads\/logo.png","contentUrl":"https:\/\/www.prefabri-africa.com\/wp-content\/uploads\/logo.png","width":211,"height":103,"caption":"Prefabri SL"},"image":{"@id":"https:\/\/www.prefabri-africa.com\/#\/schema\/logo\/image\/"}}]}},"_links":{"self":[{"href":"https:\/\/www.prefabri-africa.com\/fr\/wp-json\/wp\/v2\/pages\/3288"}],"collection":[{"href":"https:\/\/www.prefabri-africa.com\/fr\/wp-json\/wp\/v2\/pages"}],"about":[{"href":"https:\/\/www.prefabri-africa.com\/fr\/wp-json\/wp\/v2\/types\/page"}],"author":[{"embeddable":true,"href":"https:\/\/www.prefabri-africa.com\/fr\/wp-json\/wp\/v2\/users\/4"}],"replies":[{"embeddable":true,"href":"https:\/\/www.prefabri-africa.com\/fr\/wp-json\/wp\/v2\/comments?post=3288"}],"version-history":[{"count":0,"href":"https:\/\/www.prefabri-africa.com\/fr\/wp-json\/wp\/v2\/pages\/3288\/revisions"}],"wp:attachment":[{"href":"https:\/\/www.prefabri-africa.com\/fr\/wp-json\/wp\/v2\/media?parent=3288"}],"curies":[{"name":"wp","href":"https:\/\/api.w.org\/{rel}","templated":true}]}}