{"id":3192,"date":"2013-04-05T16:38:18","date_gmt":"2013-04-05T16:38:18","guid":{"rendered":"http:\/\/www.prefabri-africa.com\/?page_id=3192"},"modified":"2016-01-08T11:20:32","modified_gmt":"2016-01-08T11:20:32","slug":"qui-sommes-nous","status":"publish","type":"page","link":"https:\/\/www.prefabri-africa.com\/fr\/qui-sommes-nous\/","title":{"rendered":"Qui sommes-nous"},"content":{"rendered":"<div class=\"flex_column av_one_half  flex_column_div first  \" ><div  data-size='gallery'  data-lightbox_size='large'  data-animation='slide'  data-ids='8668,2535,7808,7131,7051,2531'  data-video_counter='0'  data-autoplay='true'  data-bg_slider='false'  data-slide_height=''  data-handle='av_slideshow'  data-interval='5'  data-class=' '  data-css_id=''  data-scroll_down=''  data-control_layout=''  data-custom_markup=''  data-perma_caption=''  data-autoplay_stopper=''  data-image_attachment=''  data-min_height='0px'  data-default-height='80.94674556213'  class='avia-slideshow avia-slideshow-1  av-default-height-applied avia-slideshow-gallery av_slideshow   avia-slide-slider '  itemprop=\"ImageObject\" itemscope=\"itemscope\" itemtype=\"https:\/\/schema.org\/ImageObject\" ><ul class='avia-slideshow-inner' style='padding-bottom: 75%;'><li  class=' slide-1 ' ><div data-rel='slideshow-1' class='avia-slide-wrap'  ><img src='https:\/\/www.prefabri-africa.com\/wp-content\/uploads\/1-campamento-modular-Copy.jpg' width='800' height='600' title='EUROPA PREFABRI - Prefab work camps' alt='EUROPA PREFABRI - Prefab work camps'  itemprop=\"thumbnailUrl\"   \/><\/div><\/li><li  class=' slide-2 ' ><div data-rel='slideshow-1' class='avia-slide-wrap'  ><img src='https:\/\/www.prefabri-africa.com\/wp-content\/uploads\/FOTO-I.jpg' width='484' height='391' title='FOTO-I' alt=''  itemprop=\"thumbnailUrl\"   \/><\/div><\/li><\/ul><div class='avia-slideshow-arrows avia-slideshow-controls'><a href='#prev' class='prev-slide' aria-hidden='true' data-av_icon='\ue87c' data-av_iconfont='entypo-fontello'>Pr\u00e9c\u00e9dent<\/a><a href='#next' class='next-slide' aria-hidden='true' data-av_icon='\ue87d' data-av_iconfont='entypo-fontello'>Suivant<\/a><\/div><div class='avia-slideshow-dots avia-slideshow-controls'><a href='#1' class='goto-slide active' >1<\/a><a href='#2' class='goto-slide ' >2<\/a><\/div><\/div><\/div>\n<div class=\"flex_column av_one_half  flex_column_div av-zero-column-padding   \" style='border-radius:0px; '><p><div style='padding-bottom:10px; ' class='av-special-heading av-special-heading-h3 meta-heading    '><h3 class='av-special-heading-tag '  itemprop=\"headline\"  >Bienvenue chez PREFABRI AFRICA<\/h3><div class='special-heading-border'><div class='special-heading-inner-border' ><\/div><\/div><\/div><br \/>\n<section class=\"av_textblock_section \"  itemscope=\"itemscope\" itemtype=\"https:\/\/schema.org\/CreativeWork\" ><div class='avia_textblock  '   itemprop=\"text\" ><p><strong>PREFABRI AFRICA<\/strong> est une entreprise sp\u00e9cialis\u00e9e dans le design, la fabrication et l\u2019installation de constructions modulaires industrialis\u00e9es aux applications diverses. L\u2019entreprise se compose d\u2019une \u00e9quipe de professionnels originaires de diff\u00e9rents pays d\u2019Afrique et Europe, avec une grande exp\u00e9rience dans le secteur.<\/p>\n<p>Notre mission est de contribuer au d\u00e9veloppement durable en Afrique, en offrant des solutions innovatrices et responsables \u00e0 tout type de projet de construction. Nos syst\u00e8mes constructifs sont bas\u00e9s sur la qualit\u00e9 et l\u2019efficacit\u00e9 \u00e9nerg\u00e9tique moyennant l\u2019utilisation de nouveaux mat\u00e9riels et d\u2019isolants.<\/p>\n<p>La construction modulaire industrialis\u00e9e offre de multiples avantages \u00e0 nos clients et nous sommes fiers de pouvoir installer nos produits dans n\u2019importe quel endroit d\u2019Afrique, qu\u2019il soit recul\u00e9 ou difficile d\u2019acc\u00e8s, en un temps record et un prix raisonnable.<\/p>\n<h4><\/h4>\n<\/div><\/section><\/p><\/div>\n<div class=\"flex_column av_one_full  flex_column_div av-zero-column-padding first  \" style='border-radius:0px; '><div style='padding-bottom:10px; ' class='av-special-heading av-special-heading-h5    '><h5 class='av-special-heading-tag '  itemprop=\"headline\"  >Entreprises du groupe<\/h5><div class='special-heading-border'><div class='special-heading-inner-border' ><\/div><\/div><\/div><\/div>\n<div class=\"flex_column av_three_fourth  flex_column_div first  \" ><section class=\"av_textblock_section \"  itemscope=\"itemscope\" itemtype=\"https:\/\/schema.org\/CreativeWork\" ><div class='avia_textblock  '   itemprop=\"text\" ><p><strong>EUROPA PREFABRI<\/strong> \u2013 Entreprise espagnole sp\u00e9cialis\u00e9e dans le design, la fabrication et le montage de constructions modulaires et structures m\u00e9talliques. <a href=\"http:\/\/www.europa-prefabri.com\">www.europa-prefabri.com<\/a><\/p>\n<\/div><\/section><\/div>\n<div class=\"flex_column av_one_fourth  flex_column_div av-zero-column-padding   \" style='border-radius:0px; '><div class='avia-image-container  av-styling-    avia-align-center '  itemprop=\"ImageObject\" itemscope=\"itemscope\" itemtype=\"https:\/\/schema.org\/ImageObject\"  ><div class='avia-image-container-inner'><div class='avia-image-overlay-wrap'><img class='avia_image ' src='https:\/\/www.prefabri-africa.com\/wp-content\/uploads\/cccc-80x80.jpg' alt='Europa Prefabri' title='Europa Prefabri' height=\"80\"width=\"80\"  itemprop=\"thumbnailUrl\"  \/><\/div><\/div><\/div><\/div>\n<div class=\"flex_column av_three_fourth  flex_column_div first  \" ><section class=\"av_textblock_section \"  itemscope=\"itemscope\" itemtype=\"https:\/\/schema.org\/CreativeWork\" ><div class='avia_textblock  '   itemprop=\"text\" ><p><strong>PREFABRI STEEL<\/strong> \u2013 Projets de construction industrialis\u00e9e de logements, h\u00f4pitaux, \u00e9coles, installations industrielles, h\u00f4tels et centres commerciaux. <a href=\"http:\/\/www.prefabri-steel.com\">www.prefabri-steel.com<\/a><\/p>\n<\/div><\/section><\/div>\n<div class=\"flex_column av_one_fourth  flex_column_div av-zero-column-padding   \" style='border-radius:0px; '><div class='avia-image-container  av-styling-    avia-align-center '  itemprop=\"ImageObject\" itemscope=\"itemscope\" itemtype=\"https:\/\/schema.org\/ImageObject\"  ><div class='avia-image-container-inner'><div class='avia-image-overlay-wrap'><img class='avia_image ' src='https:\/\/www.prefabri-africa.com\/wp-content\/uploads\/logo-web-80x80.png' alt='Prefabri Steel' title='Prefabri Steel' height=\"80\"width=\"80\"  itemprop=\"thumbnailUrl\"  \/><\/div><\/div><\/div><\/div>\n<div class=\"flex_column av_three_fourth  flex_column_div first  \" ><section class=\"av_textblock_section \"  itemscope=\"itemscope\" itemtype=\"https:\/\/schema.org\/CreativeWork\" ><div class='avia_textblock  '   itemprop=\"text\" ><p><strong>ACDEPM<\/strong>&#8211; Services de project management pour tout type de projet de construction.<\/p>\n<\/div><\/section><\/div>\n<div class=\"flex_column av_one_fourth  flex_column_div av-zero-column-padding   \" style='border-radius:0px; '><div class='avia-image-container  av-styling-    avia-align-center '  itemprop=\"ImageObject\" itemscope=\"itemscope\" itemtype=\"https:\/\/schema.org\/ImageObject\"  ><div class='avia-image-container-inner'><div class='avia-image-overlay-wrap'><img class='avia_image ' src='https:\/\/www.prefabri-africa.com\/wp-content\/uploads\/logo-80x57.jpg' alt='ACDEPM' title='ACDEPM' height=\"57\"width=\"80\"  itemprop=\"thumbnailUrl\"  \/><\/div><\/div><\/div><\/div>\n<div class=\"flex_column av_one_full  flex_column_div av-zero-column-padding first  \" style='border-radius:0px; '><div style='padding-bottom:10px; ' class='av-special-heading av-special-heading-h5    '><h5 class='av-special-heading-tag '  itemprop=\"headline\"  >Associations<\/h5><div class='special-heading-border'><div class='special-heading-inner-border' ><\/div><\/div><\/div><\/div>\n<div class=\"flex_column av_three_fourth  flex_column_div first  \" ><section class=\"av_textblock_section \"  itemscope=\"itemscope\" itemtype=\"https:\/\/schema.org\/CreativeWork\" ><div class='avia_textblock  '   itemprop=\"text\" ><p><strong>United Nations Global Compact<\/strong> &#8211; Nous incorporons les 10 principe du Pace Mondial de Nations Unies dans l\u2019activit\u00e9 de notre entreprise, que ce soit en Espagne ou dans le reste du monde.<\/p>\n<\/div><\/section><\/div>\n<div class=\"flex_column av_one_fourth  flex_column_div av-zero-column-padding   \" style='border-radius:0px; '><div class='avia-image-container  av-styling-    avia-align-center '  itemprop=\"ImageObject\" itemscope=\"itemscope\" itemtype=\"https:\/\/schema.org\/ImageObject\"  ><div class='avia-image-container-inner'><div class='avia-image-overlay-wrap'><a href='http:\/\/www.unglobalcompact.org\/' class='avia_image'   target=\"_blank\" ><img class='avia_image ' src='https:\/\/www.prefabri-africa.com\/wp-content\/uploads\/PactoGlobal-Logo_103x123.jpg' alt='' title=''  itemprop=\"thumbnailUrl\"  \/><\/a><\/div><\/div><\/div><\/div><div class=\"flex_column av_three_fourth  flex_column_div first  \" ><section class=\"av_textblock_section \"  itemscope=\"itemscope\" itemtype=\"https:\/\/schema.org\/CreativeWork\" ><div class='avia_textblock  '   itemprop=\"text\" ><p><strong>AECIS<\/strong> \u2013 Association Espagnole de Construction Industrialis\u00e9e et Durable<\/p>\n<\/div><\/section><\/div><\/p>\n<div class=\"flex_column av_one_fourth  flex_column_div av-zero-column-padding   \" style='border-radius:0px; '><div class='avia-image-container  av-styling-    avia-align-center '  itemprop=\"ImageObject\" itemscope=\"itemscope\" itemtype=\"https:\/\/schema.org\/ImageObject\"  ><div class='avia-image-container-inner'><div class='avia-image-overlay-wrap'><a href='http:\/\/www.asociacionaecis.org\/' class='avia_image'   target=\"_blank\" ><img class='avia_image ' src='https:\/\/www.prefabri-africa.com\/wp-content\/uploads\/logo-aecis-1.png' alt='' title='AECIS'  itemprop=\"thumbnailUrl\"  \/><\/a><\/div><\/div><\/div><\/div>\n<div class=\"flex_column av_three_fourth  flex_column_div first  \" ><section class=\"av_textblock_section \"  itemscope=\"itemscope\" itemtype=\"https:\/\/schema.org\/CreativeWork\" ><div class='avia_textblock  '   itemprop=\"text\" ><p><strong>Wordl Green Building Council<\/strong> \u2013 Conseil International pour le d\u00e9veloppement de la construction durable.<\/p>\n<\/div><\/section><\/div>\n<div class=\"flex_column av_one_fourth  flex_column_div av-zero-column-padding   \" style='border-radius:0px; '><div class='avia-image-container  av-styling-    avia-align-center '  itemprop=\"ImageObject\" itemscope=\"itemscope\" itemtype=\"https:\/\/schema.org\/ImageObject\"  ><div class='avia-image-container-inner'><div class='avia-image-overlay-wrap'><a href='http:\/\/www.unglobalcompact.org\/languages\/spanish\/' class='avia_image'  ><img class='avia_image ' src='https:\/\/www.prefabri-africa.com\/wp-content\/uploads\/New-WorldGBC-Logo-2015-80x80.png' alt='' title='New WorldGBC Logo 2015'  itemprop=\"thumbnailUrl\"  \/><\/a><\/div><\/div><\/div><\/div>\n","protected":false},"excerpt":{"rendered":"","protected":false},"author":4,"featured_media":0,"parent":0,"menu_order":2,"comment_status":"closed","ping_status":"closed","template":"","meta":{"footnotes":""},"yoast_head":"<!-- This site is optimized with the Yoast SEO plugin v21.7 - https:\/\/yoast.com\/wordpress\/plugins\/seo\/ -->\n<title>PREFABRI AFRICA \u2013 Design et fabrication de constructions modulaires<\/title>\n<meta name=\"description\" content=\"PREFABRI AFRICA , leader du secteur, sp\u00e9cialis\u00e9 en constructions modulaires, bureaux de chantier et bases de vie en Afrique, par exemple au S\u00e9n\u00e9gal, Cameroun, C\u00f4te d&#039;Ivoire, Gabon, Djibouti, Guin\u00e9e...\" \/>\n<meta name=\"robots\" content=\"index, follow, max-snippet:-1, max-image-preview:large, max-video-preview:-1\" \/>\n<link rel=\"canonical\" href=\"https:\/\/www.prefabri-africa.com\/fr\/qui-sommes-nous\/\" \/>\n<meta property=\"og:locale\" content=\"fr_FR\" \/>\n<meta property=\"og:type\" content=\"article\" \/>\n<meta property=\"og:title\" content=\"PREFABRI AFRICA \u2013 Design et fabrication de constructions modulaires\" \/>\n<meta property=\"og:description\" content=\"PREFABRI AFRICA , leader du secteur, sp\u00e9cialis\u00e9 en constructions modulaires, bureaux de chantier et bases de vie en Afrique, par exemple au S\u00e9n\u00e9gal, Cameroun, C\u00f4te d&#039;Ivoire, Gabon, Djibouti, Guin\u00e9e...\" \/>\n<meta property=\"og:url\" content=\"https:\/\/www.prefabri-africa.com\/fr\/qui-sommes-nous\/\" \/>\n<meta property=\"og:site_name\" content=\"PREFABRI AFRICA - Prefabricated Modular Buildings\" \/>\n<meta property=\"article:modified_time\" content=\"2016-01-08T11:20:32+00:00\" \/>\n<meta name=\"twitter:card\" content=\"summary_large_image\" \/>\n<meta name=\"twitter:label1\" content=\"Dur\u00e9e de lecture estim\u00e9e\" \/>\n\t<meta name=\"twitter:data1\" content=\"7 minutes\" \/>\n<script type=\"application\/ld+json\" class=\"yoast-schema-graph\">{\"@context\":\"https:\/\/schema.org\",\"@graph\":[{\"@type\":\"WebPage\",\"@id\":\"https:\/\/www.prefabri-africa.com\/fr\/qui-sommes-nous\/\",\"url\":\"https:\/\/www.prefabri-africa.com\/fr\/qui-sommes-nous\/\",\"name\":\"PREFABRI AFRICA \u2013 Design et fabrication de constructions modulaires\",\"isPartOf\":{\"@id\":\"https:\/\/www.prefabri-africa.com\/#website\"},\"datePublished\":\"2013-04-05T16:38:18+00:00\",\"dateModified\":\"2016-01-08T11:20:32+00:00\",\"description\":\"PREFABRI AFRICA , leader du secteur, sp\u00e9cialis\u00e9 en constructions modulaires, bureaux de chantier et bases de vie en Afrique, par exemple au S\u00e9n\u00e9gal, Cameroun, C\u00f4te d'Ivoire, Gabon, Djibouti, Guin\u00e9e...\",\"breadcrumb\":{\"@id\":\"https:\/\/www.prefabri-africa.com\/fr\/qui-sommes-nous\/#breadcrumb\"},\"inLanguage\":\"fr-FR\",\"potentialAction\":[{\"@type\":\"ReadAction\",\"target\":[\"https:\/\/www.prefabri-africa.com\/fr\/qui-sommes-nous\/\"]}]},{\"@type\":\"BreadcrumbList\",\"@id\":\"https:\/\/www.prefabri-africa.com\/fr\/qui-sommes-nous\/#breadcrumb\",\"itemListElement\":[{\"@type\":\"ListItem\",\"position\":1,\"name\":\"Portada\",\"item\":\"https:\/\/www.prefabri-africa.com\/fr\/\"},{\"@type\":\"ListItem\",\"position\":2,\"name\":\"Qui sommes-nous\"}]},{\"@type\":\"WebSite\",\"@id\":\"https:\/\/www.prefabri-africa.com\/#website\",\"url\":\"https:\/\/www.prefabri-africa.com\/\",\"name\":\"PREFABRI AFRICA - Prefabricated Modular Buildings\",\"description\":\"Alquiler y venta de construcciones modulares, casetas de obra, marquesinas de aparcamiento y vallas y cerramientos.\",\"publisher\":{\"@id\":\"https:\/\/www.prefabri-africa.com\/#organization\"},\"potentialAction\":[{\"@type\":\"SearchAction\",\"target\":{\"@type\":\"EntryPoint\",\"urlTemplate\":\"https:\/\/www.prefabri-africa.com\/?s={search_term_string}\"},\"query-input\":\"required name=search_term_string\"}],\"inLanguage\":\"fr-FR\"},{\"@type\":\"Organization\",\"@id\":\"https:\/\/www.prefabri-africa.com\/#organization\",\"name\":\"Prefabri SL\",\"url\":\"https:\/\/www.prefabri-africa.com\/\",\"logo\":{\"@type\":\"ImageObject\",\"inLanguage\":\"fr-FR\",\"@id\":\"https:\/\/www.prefabri-africa.com\/#\/schema\/logo\/image\/\",\"url\":\"https:\/\/www.prefabri-africa.com\/wp-content\/uploads\/logo.png\",\"contentUrl\":\"https:\/\/www.prefabri-africa.com\/wp-content\/uploads\/logo.png\",\"width\":211,\"height\":103,\"caption\":\"Prefabri SL\"},\"image\":{\"@id\":\"https:\/\/www.prefabri-africa.com\/#\/schema\/logo\/image\/\"}}]}<\/script>\n<!-- \/ Yoast SEO plugin. -->","yoast_head_json":{"title":"PREFABRI AFRICA \u2013 Design et fabrication de constructions modulaires","description":"PREFABRI AFRICA , leader du secteur, sp\u00e9cialis\u00e9 en constructions modulaires, bureaux de chantier et bases de vie en Afrique, par exemple au S\u00e9n\u00e9gal, Cameroun, C\u00f4te d'Ivoire, Gabon, Djibouti, Guin\u00e9e...","robots":{"index":"index","follow":"follow","max-snippet":"max-snippet:-1","max-image-preview":"max-image-preview:large","max-video-preview":"max-video-preview:-1"},"canonical":"https:\/\/www.prefabri-africa.com\/fr\/qui-sommes-nous\/","og_locale":"fr_FR","og_type":"article","og_title":"PREFABRI AFRICA \u2013 Design et fabrication de constructions modulaires","og_description":"PREFABRI AFRICA , leader du secteur, sp\u00e9cialis\u00e9 en constructions modulaires, bureaux de chantier et bases de vie en Afrique, par exemple au S\u00e9n\u00e9gal, Cameroun, C\u00f4te d'Ivoire, Gabon, Djibouti, Guin\u00e9e...","og_url":"https:\/\/www.prefabri-africa.com\/fr\/qui-sommes-nous\/","og_site_name":"PREFABRI AFRICA - Prefabricated Modular Buildings","article_modified_time":"2016-01-08T11:20:32+00:00","twitter_card":"summary_large_image","twitter_misc":{"Dur\u00e9e de lecture estim\u00e9e":"7 minutes"},"schema":{"@context":"https:\/\/schema.org","@graph":[{"@type":"WebPage","@id":"https:\/\/www.prefabri-africa.com\/fr\/qui-sommes-nous\/","url":"https:\/\/www.prefabri-africa.com\/fr\/qui-sommes-nous\/","name":"PREFABRI AFRICA \u2013 Design et fabrication de constructions modulaires","isPartOf":{"@id":"https:\/\/www.prefabri-africa.com\/#website"},"datePublished":"2013-04-05T16:38:18+00:00","dateModified":"2016-01-08T11:20:32+00:00","description":"PREFABRI AFRICA , leader du secteur, sp\u00e9cialis\u00e9 en constructions modulaires, bureaux de chantier et bases de vie en Afrique, par exemple au S\u00e9n\u00e9gal, Cameroun, C\u00f4te d'Ivoire, Gabon, Djibouti, Guin\u00e9e...","breadcrumb":{"@id":"https:\/\/www.prefabri-africa.com\/fr\/qui-sommes-nous\/#breadcrumb"},"inLanguage":"fr-FR","potentialAction":[{"@type":"ReadAction","target":["https:\/\/www.prefabri-africa.com\/fr\/qui-sommes-nous\/"]}]},{"@type":"BreadcrumbList","@id":"https:\/\/www.prefabri-africa.com\/fr\/qui-sommes-nous\/#breadcrumb","itemListElement":[{"@type":"ListItem","position":1,"name":"Portada","item":"https:\/\/www.prefabri-africa.com\/fr\/"},{"@type":"ListItem","position":2,"name":"Qui sommes-nous"}]},{"@type":"WebSite","@id":"https:\/\/www.prefabri-africa.com\/#website","url":"https:\/\/www.prefabri-africa.com\/","name":"PREFABRI AFRICA - Prefabricated Modular Buildings","description":"Alquiler y venta de construcciones modulares, casetas de obra, marquesinas de aparcamiento y vallas y cerramientos.","publisher":{"@id":"https:\/\/www.prefabri-africa.com\/#organization"},"potentialAction":[{"@type":"SearchAction","target":{"@type":"EntryPoint","urlTemplate":"https:\/\/www.prefabri-africa.com\/?s={search_term_string}"},"query-input":"required name=search_term_string"}],"inLanguage":"fr-FR"},{"@type":"Organization","@id":"https:\/\/www.prefabri-africa.com\/#organization","name":"Prefabri SL","url":"https:\/\/www.prefabri-africa.com\/","logo":{"@type":"ImageObject","inLanguage":"fr-FR","@id":"https:\/\/www.prefabri-africa.com\/#\/schema\/logo\/image\/","url":"https:\/\/www.prefabri-africa.com\/wp-content\/uploads\/logo.png","contentUrl":"https:\/\/www.prefabri-africa.com\/wp-content\/uploads\/logo.png","width":211,"height":103,"caption":"Prefabri SL"},"image":{"@id":"https:\/\/www.prefabri-africa.com\/#\/schema\/logo\/image\/"}}]}},"_links":{"self":[{"href":"https:\/\/www.prefabri-africa.com\/fr\/wp-json\/wp\/v2\/pages\/3192"}],"collection":[{"href":"https:\/\/www.prefabri-africa.com\/fr\/wp-json\/wp\/v2\/pages"}],"about":[{"href":"https:\/\/www.prefabri-africa.com\/fr\/wp-json\/wp\/v2\/types\/page"}],"author":[{"embeddable":true,"href":"https:\/\/www.prefabri-africa.com\/fr\/wp-json\/wp\/v2\/users\/4"}],"replies":[{"embeddable":true,"href":"https:\/\/www.prefabri-africa.com\/fr\/wp-json\/wp\/v2\/comments?post=3192"}],"version-history":[{"count":0,"href":"https:\/\/www.prefabri-africa.com\/fr\/wp-json\/wp\/v2\/pages\/3192\/revisions"}],"wp:attachment":[{"href":"https:\/\/www.prefabri-africa.com\/fr\/wp-json\/wp\/v2\/media?parent=3192"}],"curies":[{"name":"wp","href":"https:\/\/api.w.org\/{rel}","templated":true}]}}