{"id":3115,"date":"2013-11-26T13:03:19","date_gmt":"2013-11-26T13:03:19","guid":{"rendered":"http:\/\/www.prefabri-africa.com\/?page_id=3115"},"modified":"2016-01-08T11:24:12","modified_gmt":"2016-01-08T11:24:12","slug":"produits","status":"publish","type":"page","link":"https:\/\/www.prefabri-africa.com\/fr\/produits\/","title":{"rendered":"Produits"},"content":{"rendered":"<div class=\"flex_column av_one_full  flex_column_div first  \" ><div class='sort_width_container  av-sort-yes' data-portfolio-id='1' ><div id='js_sort_items' ><div class='sort_by_cat hidden '><a href=\"#\" data-filter=\"all_sort\" class=\"all_sort_button active_sort\"><span class=\"inner_sort_button\"><span>Tout<\/span><small class=\"av-cat-count\"> 11 <\/small><\/span><\/a><span class='text-sep construction-modulaire_sort_sep'>\/<\/span><a href=\"#\" data-filter=\"construction-modulaire_sort\" class=\"construction-modulaire_sort_button\" ><span class=\"inner_sort_button\"><span>Construction Modulaire<\/span><small class='av-cat-count'> 11 <\/small><\/span><\/a><\/div><\/div><\/div><div class=' grid-sort-container isotope   no_margin-container with-excerpt-container grid-total-odd grid-col-4 grid-links-' data-portfolio-id='1'><div data-ajax-id='3117' class=' grid-entry flex_column isotope-item all_sort no_margin post-entry post-entry-3117 grid-entry-overview grid-loop-1 grid-parity-odd  construction-modulaire_sort  av_one_fourth first default_av_fullwidth '><article class='main_color inner-entry'  itemscope=\"itemscope\" itemtype=\"https:\/\/schema.org\/CreativeWork\" ><a href='https:\/\/www.prefabri-africa.com\/fr\/portfolio-item\/modules-prefabriques\/' title='Modules pr\u00e9fabriqu\u00e9s'  data-rel='grid-1' class='grid-image avia-hover-fx'><img loading=\"lazy\" decoding=\"async\" width=\"260\" height=\"185\" src=\"https:\/\/www.prefabri-africa.com\/wp-content\/uploads\/modules-prefabriques-prefabri-africa-260x185.png\" class=\"attachment-portfolio_small size-portfolio_small wp-post-image\" alt=\"modules prefabriques prefabri africa\" \/><\/a><div class='grid-content'><div class='avia-arrow'><\/div><header class=\"entry-content-header\"><h3 class='grid-entry-title entry-title'  itemprop=\"headline\" ><a href='https:\/\/www.prefabri-africa.com\/fr\/portfolio-item\/modules-prefabriques\/' title='Modules pr\u00e9fabriqu\u00e9s'>Modules pr\u00e9fabriqu\u00e9s<\/a><\/h3><\/header><\/div><footer class=\"entry-footer\"><\/footer><\/article><\/div><div data-ajax-id='3271' class=' grid-entry flex_column isotope-item all_sort no_margin post-entry post-entry-3271 grid-entry-overview grid-loop-2 grid-parity-even  construction-modulaire_sort  av_one_fourth  default_av_fullwidth '><article class='main_color inner-entry'  itemscope=\"itemscope\" itemtype=\"https:\/\/schema.org\/CreativeWork\" ><a href='https:\/\/www.prefabri-africa.com\/fr\/portfolio-item\/bases-de-vie\/' title='Bases de vie'  data-rel='grid-1' class='grid-image avia-hover-fx'><img loading=\"lazy\" decoding=\"async\" width=\"260\" height=\"185\" src=\"https:\/\/www.prefabri-africa.com\/wp-content\/uploads\/Bases-de-vie-prefabri-africa-260x185.jpg\" class=\"attachment-portfolio_small size-portfolio_small wp-post-image\" alt=\"Bases de vie prefabri africa\" \/><\/a><div class='grid-content'><div class='avia-arrow'><\/div><header class=\"entry-content-header\"><h3 class='grid-entry-title entry-title'  itemprop=\"headline\" ><a href='https:\/\/www.prefabri-africa.com\/fr\/portfolio-item\/bases-de-vie\/' title='Bases de vie'>Bases de vie<\/a><\/h3><\/header><\/div><footer class=\"entry-footer\"><\/footer><\/article><\/div><div data-ajax-id='3268' class=' grid-entry flex_column isotope-item all_sort no_margin post-entry post-entry-3268 grid-entry-overview grid-loop-3 grid-parity-odd  construction-modulaire_sort  av_one_fourth  default_av_fullwidth '><article class='main_color inner-entry'  itemscope=\"itemscope\" itemtype=\"https:\/\/schema.org\/CreativeWork\" ><a href='https:\/\/www.prefabri-africa.com\/fr\/portfolio-item\/modules-en-kit\/' title='Modules en KIT'  data-rel='grid-1' class='grid-image avia-hover-fx'><img loading=\"lazy\" decoding=\"async\" width=\"260\" height=\"185\" src=\"https:\/\/www.prefabri-africa.com\/wp-content\/uploads\/modules-en-KIT-prefabri-africa-260x185.png\" class=\"attachment-portfolio_small size-portfolio_small wp-post-image\" alt=\"modules en KIT prefabri africa\" \/><\/a><div class='grid-content'><div class='avia-arrow'><\/div><header class=\"entry-content-header\"><h3 class='grid-entry-title entry-title'  itemprop=\"headline\" ><a href='https:\/\/www.prefabri-africa.com\/fr\/portfolio-item\/modules-en-kit\/' title='Modules en KIT'>Modules en KIT<\/a><\/h3><\/header><\/div><footer class=\"entry-footer\"><\/footer><\/article><\/div><div data-ajax-id='3197' class=' grid-entry flex_column isotope-item all_sort no_margin post-entry post-entry-3197 grid-entry-overview grid-loop-4 grid-parity-even  construction-modulaire_sort  av_one_fourth  default_av_fullwidth '><article class='main_color inner-entry'  itemscope=\"itemscope\" itemtype=\"https:\/\/schema.org\/CreativeWork\" ><a href='https:\/\/www.prefabri-africa.com\/fr\/portfolio-item\/batiments-modulaires\/' title='B\u00e2timents modulaires'  data-rel='grid-1' class='grid-image avia-hover-fx'><img loading=\"lazy\" decoding=\"async\" width=\"260\" height=\"185\" src=\"https:\/\/www.prefabri-africa.com\/wp-content\/uploads\/batiments-modulaires-prefabri-africa-260x185.png\" class=\"attachment-portfolio_small size-portfolio_small wp-post-image\" alt=\"batiments modulaires prefabri africa\" \/><\/a><div class='grid-content'><div class='avia-arrow'><\/div><header class=\"entry-content-header\"><h3 class='grid-entry-title entry-title'  itemprop=\"headline\" ><a href='https:\/\/www.prefabri-africa.com\/fr\/portfolio-item\/batiments-modulaires\/' title='B\u00e2timents modulaires'>B\u00e2timents modulaires<\/a><\/h3><\/header><\/div><footer class=\"entry-footer\"><\/footer><\/article><\/div><div data-ajax-id='3198' class=' grid-entry flex_column isotope-item all_sort no_margin post-entry post-entry-3198 grid-entry-overview grid-loop-5 grid-parity-odd  construction-modulaire_sort  av_one_fourth first default_av_fullwidth '><article class='main_color inner-entry'  itemscope=\"itemscope\" itemtype=\"https:\/\/schema.org\/CreativeWork\" ><a href='https:\/\/www.prefabri-africa.com\/fr\/portfolio-item\/modules-speciaux\/' title='Modules sp\u00e9ciaux'  data-rel='grid-1' class='grid-image avia-hover-fx'><img loading=\"lazy\" decoding=\"async\" width=\"260\" height=\"185\" src=\"https:\/\/www.prefabri-africa.com\/wp-content\/uploads\/modules-speciaux-prefabri-africa-260x185.png\" class=\"attachment-portfolio_small size-portfolio_small wp-post-image\" alt=\"modules speciaux prefabri africa\" \/><\/a><div class='grid-content'><div class='avia-arrow'><\/div><header class=\"entry-content-header\"><h3 class='grid-entry-title entry-title'  itemprop=\"headline\" ><a href='https:\/\/www.prefabri-africa.com\/fr\/portfolio-item\/modules-speciaux\/' title='Modules sp\u00e9ciaux'>Modules sp\u00e9ciaux<\/a><\/h3><\/header><\/div><footer class=\"entry-footer\"><\/footer><\/article><\/div><div data-ajax-id='3409' class=' grid-entry flex_column isotope-item all_sort no_margin post-entry post-entry-3409 grid-entry-overview grid-loop-6 grid-parity-even  construction-modulaire_sort  av_one_fourth  default_av_fullwidth '><article class='main_color inner-entry'  itemscope=\"itemscope\" itemtype=\"https:\/\/schema.org\/CreativeWork\" ><a href='https:\/\/www.prefabri-africa.com\/fr\/portfolio-item\/logements-prefabriques\/' title='Logements pr\u00e9fabriqu\u00e9s'  data-rel='grid-1' class='grid-image avia-hover-fx'><img loading=\"lazy\" decoding=\"async\" width=\"260\" height=\"185\" src=\"https:\/\/www.prefabri-africa.com\/wp-content\/uploads\/Logements-prefabriques-prefabri-africa-260x185.jpg\" class=\"attachment-portfolio_small size-portfolio_small wp-post-image\" alt=\"Logements prefabriques prefabri africa\" \/><\/a><div class='grid-content'><div class='avia-arrow'><\/div><header class=\"entry-content-header\"><h3 class='grid-entry-title entry-title'  itemprop=\"headline\" ><a href='https:\/\/www.prefabri-africa.com\/fr\/portfolio-item\/logements-prefabriques\/' title='Logements pr\u00e9fabriqu\u00e9s'>Logements pr\u00e9fabriqu\u00e9s<\/a><\/h3><\/header><\/div><footer class=\"entry-footer\"><\/footer><\/article><\/div><div data-ajax-id='3411' class=' grid-entry flex_column isotope-item all_sort no_margin post-entry post-entry-3411 grid-entry-overview grid-loop-7 grid-parity-odd  construction-modulaire_sort  av_one_fourth  default_av_fullwidth '><article class='main_color inner-entry'  itemscope=\"itemscope\" itemtype=\"https:\/\/schema.org\/CreativeWork\" ><a href='https:\/\/www.prefabri-africa.com\/fr\/portfolio-item\/guerites\/' title='Gu\u00e9rites'  data-rel='grid-1' class='grid-image avia-hover-fx'><img loading=\"lazy\" decoding=\"async\" width=\"260\" height=\"185\" src=\"https:\/\/www.prefabri-africa.com\/wp-content\/uploads\/guerites-prefabri-africa-260x185.png\" class=\"attachment-portfolio_small size-portfolio_small wp-post-image\" alt=\"guerites prefabri africa\" \/><\/a><div class='grid-content'><div class='avia-arrow'><\/div><header class=\"entry-content-header\"><h3 class='grid-entry-title entry-title'  itemprop=\"headline\" ><a href='https:\/\/www.prefabri-africa.com\/fr\/portfolio-item\/guerites\/' title='Gu\u00e9rites'>Gu\u00e9rites<\/a><\/h3><\/header><\/div><footer class=\"entry-footer\"><\/footer><\/article><\/div><div data-ajax-id='4047' class=' grid-entry flex_column isotope-item all_sort no_margin post-entry post-entry-4047 grid-entry-overview grid-loop-8 grid-parity-even  construction-modulaire_sort  av_one_fourth  default_av_fullwidth '><article class='main_color inner-entry'  itemscope=\"itemscope\" itemtype=\"https:\/\/schema.org\/CreativeWork\" ><a href='https:\/\/www.prefabri-africa.com\/fr\/portfolio-item\/entrepots-prefabriques\/' title='Entrep\u00f4ts pr\u00e9fabriqu\u00e9s'  data-rel='grid-1' class='grid-image avia-hover-fx'><img loading=\"lazy\" decoding=\"async\" width=\"260\" height=\"185\" src=\"https:\/\/www.prefabri-africa.com\/wp-content\/uploads\/entrepots-prefabriques-prefabri-africa-260x185.png\" class=\"attachment-portfolio_small size-portfolio_small wp-post-image\" alt=\"entrepots prefabriques prefabri africa\" \/><\/a><div class='grid-content'><div class='avia-arrow'><\/div><header class=\"entry-content-header\"><h3 class='grid-entry-title entry-title'  itemprop=\"headline\" ><a href='https:\/\/www.prefabri-africa.com\/fr\/portfolio-item\/entrepots-prefabriques\/' title='Entrep\u00f4ts pr\u00e9fabriqu\u00e9s'>Entrep\u00f4ts pr\u00e9fabriqu\u00e9s<\/a><\/h3><\/header><\/div><footer class=\"entry-footer\"><\/footer><\/article><\/div><div data-ajax-id='4043' class=' grid-entry flex_column isotope-item all_sort no_margin post-entry post-entry-4043 grid-entry-overview grid-loop-9 grid-parity-odd  construction-modulaire_sort  av_one_fourth first default_av_fullwidth '><article class='main_color inner-entry'  itemscope=\"itemscope\" itemtype=\"https:\/\/schema.org\/CreativeWork\" ><a href='https:\/\/www.prefabri-africa.com\/fr\/portfolio-item\/carpots-metalliques\/' title='Carports m\u00e9talliques'  data-rel='grid-1' class='grid-image avia-hover-fx'><img loading=\"lazy\" decoding=\"async\" width=\"260\" height=\"185\" src=\"https:\/\/www.prefabri-africa.com\/wp-content\/uploads\/Carports-m\u00e9talliques-prefabri-africa-260x185.png\" class=\"attachment-portfolio_small size-portfolio_small wp-post-image\" alt=\"Carports m\u00e9talliques prefabri africa\" \/><\/a><div class='grid-content'><div class='avia-arrow'><\/div><header class=\"entry-content-header\"><h3 class='grid-entry-title entry-title'  itemprop=\"headline\" ><a href='https:\/\/www.prefabri-africa.com\/fr\/portfolio-item\/carpots-metalliques\/' title='Carports m\u00e9talliques'>Carports m\u00e9talliques<\/a><\/h3><\/header><\/div><footer class=\"entry-footer\"><\/footer><\/article><\/div><div data-ajax-id='4044' class=' grid-entry flex_column isotope-item all_sort no_margin post-entry post-entry-4044 grid-entry-overview grid-loop-10 grid-parity-even  construction-modulaire_sort  av_one_fourth  default_av_fullwidth '><article class='main_color inner-entry'  itemscope=\"itemscope\" itemtype=\"https:\/\/schema.org\/CreativeWork\" ><a href='https:\/\/www.prefabri-africa.com\/fr\/portfolio-item\/couvertures-textiles\/' title='Couvertures textiles'  data-rel='grid-1' class='grid-image avia-hover-fx'><img loading=\"lazy\" decoding=\"async\" width=\"260\" height=\"185\" src=\"https:\/\/www.prefabri-africa.com\/wp-content\/uploads\/couvertures-textiles-prefabri-africa-260x185.png\" class=\"attachment-portfolio_small size-portfolio_small wp-post-image\" alt=\"couvertures textiles prefabri africa\" \/><\/a><div class='grid-content'><div class='avia-arrow'><\/div><header class=\"entry-content-header\"><h3 class='grid-entry-title entry-title'  itemprop=\"headline\" ><a href='https:\/\/www.prefabri-africa.com\/fr\/portfolio-item\/couvertures-textiles\/' title='Couvertures textiles'>Couvertures textiles<\/a><\/h3><\/header><\/div><footer class=\"entry-footer\"><\/footer><\/article><\/div><div data-ajax-id='4045' class=' grid-entry flex_column isotope-item all_sort no_margin post-entry post-entry-4045 grid-entry-overview grid-loop-11 grid-parity-odd  post-entry-last  construction-modulaire_sort  av_one_fourth  default_av_fullwidth '><article class='main_color inner-entry'  itemscope=\"itemscope\" itemtype=\"https:\/\/schema.org\/CreativeWork\" ><a href='https:\/\/www.prefabri-africa.com\/fr\/portfolio-item\/parking-solaire\/' title='Parking Solaire'  data-rel='grid-1' class='grid-image avia-hover-fx'><img loading=\"lazy\" decoding=\"async\" width=\"260\" height=\"185\" src=\"https:\/\/www.prefabri-africa.com\/wp-content\/uploads\/parking-solaire-prefabri-africa-260x185.png\" class=\"attachment-portfolio_small size-portfolio_small wp-post-image\" alt=\"parking solaire prefabri africa\" \/><\/a><div class='grid-content'><div class='avia-arrow'><\/div><header class=\"entry-content-header\"><h3 class='grid-entry-title entry-title'  itemprop=\"headline\" ><a href='https:\/\/www.prefabri-africa.com\/fr\/portfolio-item\/parking-solaire\/' title='Parking Solaire'>Parking Solaire<\/a><\/h3><\/header><\/div><footer class=\"entry-footer\"><\/footer><\/article><\/div><\/div><\/div>\n","protected":false},"excerpt":{"rendered":"","protected":false},"author":4,"featured_media":0,"parent":0,"menu_order":3,"comment_status":"closed","ping_status":"closed","template":"","meta":{"footnotes":""},"yoast_head":"<!-- This site is optimized with the Yoast SEO plugin v21.7 - https:\/\/yoast.com\/wordpress\/plugins\/seo\/ -->\n<title>PREFABRI AFRICA - Vue d\u00b4ensemble de nos produits (modules, modules sp\u00e9ciaux, logements, entrep\u00f4ts ...)<\/title>\n<meta name=\"description\" content=\"PREFABRI AFRICA - Entreprise leader du march\u00e9, vous propose diff\u00e9rents types de construction modulaire : logements, gu\u00e9rites, parkings, entrep\u00f4ts ...\" \/>\n<meta name=\"robots\" content=\"index, follow, max-snippet:-1, max-image-preview:large, max-video-preview:-1\" \/>\n<link rel=\"canonical\" href=\"https:\/\/www.prefabri-africa.com\/fr\/produits\/\" \/>\n<meta property=\"og:locale\" content=\"fr_FR\" \/>\n<meta property=\"og:type\" content=\"article\" \/>\n<meta property=\"og:title\" content=\"PREFABRI AFRICA - Vue d\u00b4ensemble de nos produits (modules, modules sp\u00e9ciaux, logements, entrep\u00f4ts ...)\" \/>\n<meta property=\"og:description\" content=\"PREFABRI AFRICA - Entreprise leader du march\u00e9, vous propose diff\u00e9rents types de construction modulaire : logements, gu\u00e9rites, parkings, entrep\u00f4ts ...\" \/>\n<meta property=\"og:url\" content=\"https:\/\/www.prefabri-africa.com\/fr\/produits\/\" \/>\n<meta property=\"og:site_name\" content=\"PREFABRI AFRICA - Prefabricated Modular Buildings\" \/>\n<meta property=\"article:modified_time\" content=\"2016-01-08T11:24:12+00:00\" \/>\n<meta name=\"twitter:card\" content=\"summary_large_image\" \/>\n<script type=\"application\/ld+json\" class=\"yoast-schema-graph\">{\"@context\":\"https:\/\/schema.org\",\"@graph\":[{\"@type\":\"WebPage\",\"@id\":\"https:\/\/www.prefabri-africa.com\/fr\/produits\/\",\"url\":\"https:\/\/www.prefabri-africa.com\/fr\/produits\/\",\"name\":\"PREFABRI AFRICA - Vue d\u00b4ensemble de nos produits (modules, modules sp\u00e9ciaux, logements, entrep\u00f4ts ...)\",\"isPartOf\":{\"@id\":\"https:\/\/www.prefabri-africa.com\/#website\"},\"datePublished\":\"2013-11-26T13:03:19+00:00\",\"dateModified\":\"2016-01-08T11:24:12+00:00\",\"description\":\"PREFABRI AFRICA - Entreprise leader du march\u00e9, vous propose diff\u00e9rents types de construction modulaire : logements, gu\u00e9rites, parkings, entrep\u00f4ts ...\",\"breadcrumb\":{\"@id\":\"https:\/\/www.prefabri-africa.com\/fr\/produits\/#breadcrumb\"},\"inLanguage\":\"fr-FR\",\"potentialAction\":[{\"@type\":\"ReadAction\",\"target\":[\"https:\/\/www.prefabri-africa.com\/fr\/produits\/\"]}]},{\"@type\":\"BreadcrumbList\",\"@id\":\"https:\/\/www.prefabri-africa.com\/fr\/produits\/#breadcrumb\",\"itemListElement\":[{\"@type\":\"ListItem\",\"position\":1,\"name\":\"Portada\",\"item\":\"https:\/\/www.prefabri-africa.com\/fr\/\"},{\"@type\":\"ListItem\",\"position\":2,\"name\":\"Produits\"}]},{\"@type\":\"WebSite\",\"@id\":\"https:\/\/www.prefabri-africa.com\/#website\",\"url\":\"https:\/\/www.prefabri-africa.com\/\",\"name\":\"PREFABRI AFRICA - Prefabricated Modular Buildings\",\"description\":\"Alquiler y venta de construcciones modulares, casetas de obra, marquesinas de aparcamiento y vallas y cerramientos.\",\"publisher\":{\"@id\":\"https:\/\/www.prefabri-africa.com\/#organization\"},\"potentialAction\":[{\"@type\":\"SearchAction\",\"target\":{\"@type\":\"EntryPoint\",\"urlTemplate\":\"https:\/\/www.prefabri-africa.com\/?s={search_term_string}\"},\"query-input\":\"required name=search_term_string\"}],\"inLanguage\":\"fr-FR\"},{\"@type\":\"Organization\",\"@id\":\"https:\/\/www.prefabri-africa.com\/#organization\",\"name\":\"Prefabri SL\",\"url\":\"https:\/\/www.prefabri-africa.com\/\",\"logo\":{\"@type\":\"ImageObject\",\"inLanguage\":\"fr-FR\",\"@id\":\"https:\/\/www.prefabri-africa.com\/#\/schema\/logo\/image\/\",\"url\":\"https:\/\/www.prefabri-africa.com\/wp-content\/uploads\/logo.png\",\"contentUrl\":\"https:\/\/www.prefabri-africa.com\/wp-content\/uploads\/logo.png\",\"width\":211,\"height\":103,\"caption\":\"Prefabri SL\"},\"image\":{\"@id\":\"https:\/\/www.prefabri-africa.com\/#\/schema\/logo\/image\/\"}}]}<\/script>\n<!-- \/ Yoast SEO plugin. -->","yoast_head_json":{"title":"PREFABRI AFRICA - Vue d\u00b4ensemble de nos produits (modules, modules sp\u00e9ciaux, logements, entrep\u00f4ts ...)","description":"PREFABRI AFRICA - Entreprise leader du march\u00e9, vous propose diff\u00e9rents types de construction modulaire : logements, gu\u00e9rites, parkings, entrep\u00f4ts ...","robots":{"index":"index","follow":"follow","max-snippet":"max-snippet:-1","max-image-preview":"max-image-preview:large","max-video-preview":"max-video-preview:-1"},"canonical":"https:\/\/www.prefabri-africa.com\/fr\/produits\/","og_locale":"fr_FR","og_type":"article","og_title":"PREFABRI AFRICA - Vue d\u00b4ensemble de nos produits (modules, modules sp\u00e9ciaux, logements, entrep\u00f4ts ...)","og_description":"PREFABRI AFRICA - Entreprise leader du march\u00e9, vous propose diff\u00e9rents types de construction modulaire : logements, gu\u00e9rites, parkings, entrep\u00f4ts ...","og_url":"https:\/\/www.prefabri-africa.com\/fr\/produits\/","og_site_name":"PREFABRI AFRICA - Prefabricated Modular Buildings","article_modified_time":"2016-01-08T11:24:12+00:00","twitter_card":"summary_large_image","schema":{"@context":"https:\/\/schema.org","@graph":[{"@type":"WebPage","@id":"https:\/\/www.prefabri-africa.com\/fr\/produits\/","url":"https:\/\/www.prefabri-africa.com\/fr\/produits\/","name":"PREFABRI AFRICA - Vue d\u00b4ensemble de nos produits (modules, modules sp\u00e9ciaux, logements, entrep\u00f4ts ...)","isPartOf":{"@id":"https:\/\/www.prefabri-africa.com\/#website"},"datePublished":"2013-11-26T13:03:19+00:00","dateModified":"2016-01-08T11:24:12+00:00","description":"PREFABRI AFRICA - Entreprise leader du march\u00e9, vous propose diff\u00e9rents types de construction modulaire : logements, gu\u00e9rites, parkings, entrep\u00f4ts ...","breadcrumb":{"@id":"https:\/\/www.prefabri-africa.com\/fr\/produits\/#breadcrumb"},"inLanguage":"fr-FR","potentialAction":[{"@type":"ReadAction","target":["https:\/\/www.prefabri-africa.com\/fr\/produits\/"]}]},{"@type":"BreadcrumbList","@id":"https:\/\/www.prefabri-africa.com\/fr\/produits\/#breadcrumb","itemListElement":[{"@type":"ListItem","position":1,"name":"Portada","item":"https:\/\/www.prefabri-africa.com\/fr\/"},{"@type":"ListItem","position":2,"name":"Produits"}]},{"@type":"WebSite","@id":"https:\/\/www.prefabri-africa.com\/#website","url":"https:\/\/www.prefabri-africa.com\/","name":"PREFABRI AFRICA - Prefabricated Modular Buildings","description":"Alquiler y venta de construcciones modulares, casetas de obra, marquesinas de aparcamiento y vallas y cerramientos.","publisher":{"@id":"https:\/\/www.prefabri-africa.com\/#organization"},"potentialAction":[{"@type":"SearchAction","target":{"@type":"EntryPoint","urlTemplate":"https:\/\/www.prefabri-africa.com\/?s={search_term_string}"},"query-input":"required name=search_term_string"}],"inLanguage":"fr-FR"},{"@type":"Organization","@id":"https:\/\/www.prefabri-africa.com\/#organization","name":"Prefabri SL","url":"https:\/\/www.prefabri-africa.com\/","logo":{"@type":"ImageObject","inLanguage":"fr-FR","@id":"https:\/\/www.prefabri-africa.com\/#\/schema\/logo\/image\/","url":"https:\/\/www.prefabri-africa.com\/wp-content\/uploads\/logo.png","contentUrl":"https:\/\/www.prefabri-africa.com\/wp-content\/uploads\/logo.png","width":211,"height":103,"caption":"Prefabri SL"},"image":{"@id":"https:\/\/www.prefabri-africa.com\/#\/schema\/logo\/image\/"}}]}},"_links":{"self":[{"href":"https:\/\/www.prefabri-africa.com\/fr\/wp-json\/wp\/v2\/pages\/3115"}],"collection":[{"href":"https:\/\/www.prefabri-africa.com\/fr\/wp-json\/wp\/v2\/pages"}],"about":[{"href":"https:\/\/www.prefabri-africa.com\/fr\/wp-json\/wp\/v2\/types\/page"}],"author":[{"embeddable":true,"href":"https:\/\/www.prefabri-africa.com\/fr\/wp-json\/wp\/v2\/users\/4"}],"replies":[{"embeddable":true,"href":"https:\/\/www.prefabri-africa.com\/fr\/wp-json\/wp\/v2\/comments?post=3115"}],"version-history":[{"count":1,"href":"https:\/\/www.prefabri-africa.com\/fr\/wp-json\/wp\/v2\/pages\/3115\/revisions"}],"predecessor-version":[{"id":10522,"href":"https:\/\/www.prefabri-africa.com\/fr\/wp-json\/wp\/v2\/pages\/3115\/revisions\/10522"}],"wp:attachment":[{"href":"https:\/\/www.prefabri-africa.com\/fr\/wp-json\/wp\/v2\/media?parent=3115"}],"curies":[{"name":"wp","href":"https:\/\/api.w.org\/{rel}","templated":true}]}}