{"id":10677,"date":"2018-04-30T11:08:54","date_gmt":"2018-04-30T11:08:54","guid":{"rendered":"http:\/\/www.prefabri-africa.com\/?page_id=10677"},"modified":"2018-04-30T11:08:54","modified_gmt":"2018-04-30T11:08:54","slug":"entreprise-de-prefabriques-et-batiments-modulaires-au-senegal-a-dakar","status":"publish","type":"page","link":"https:\/\/www.prefabri-africa.com\/fr\/entreprise-de-prefabriques-et-batiments-modulaires-au-senegal-a-dakar\/","title":{"rendered":"Senegal"},"content":{"rendered":"<div class=\"flex_column av_one_third  flex_column_div av-zero-column-padding first  \" style='border-radius:0px; '><section class=\"av_textblock_section \"  itemscope=\"itemscope\" itemtype=\"https:\/\/schema.org\/CreativeWork\" ><div class='avia_textblock  '   itemprop=\"text\" ><p style=\"text-align: center;\"><b>Construction modulaire<\/b><\/p>\n<p style=\"text-align: center;\"><strong>Bungalows de chantier<\/strong><\/p>\n<p style=\"text-align: center;\"><strong>Bureau modulaire<\/strong><\/p>\n<p style=\"text-align: center;\"><strong>B\u00e2timents pr\u00e9fabriqu\u00e9s<\/strong><\/p>\n<p style=\"text-align: center;\"><strong>Base de vie<\/strong><\/p>\n<p style=\"text-align: center;\"><strong>B\u00e2timent temporel<\/strong><\/p>\n<p style=\"text-align: center;\"><strong>Ablution modules<\/strong><\/p>\n<\/div><\/section><\/div><div class=\"flex_column av_two_third  flex_column_div av-zero-column-padding   \" style='border-radius:0px; '><p><div  data-size='featured'  data-lightbox_size='large'  data-animation='slide'  data-ids='7808,7290,8920,3773,8670'  data-video_counter='0'  data-autoplay='true'  data-bg_slider='false'  data-slide_height=''  data-handle='av_slideshow'  data-interval='5'  data-class=' '  data-css_id=''  data-scroll_down=''  data-control_layout=''  data-custom_markup=''  data-perma_caption=''  data-autoplay_stopper=''  data-image_attachment=''  data-min_height='0px'  data-default-height='28.666666666667'  class='avia-slideshow avia-slideshow-1  av-default-height-applied avia-slideshow-featured av_slideshow   avia-slide-slider '  itemprop=\"ImageObject\" itemscope=\"itemscope\" itemtype=\"https:\/\/schema.org\/ImageObject\" ><ul class='avia-slideshow-inner' style='padding-bottom: 28.666666666667%;'><\/ul><\/div><br \/>\n<section class=\"av_textblock_section \"  itemscope=\"itemscope\" itemtype=\"https:\/\/schema.org\/CreativeWork\" ><div class='avia_textblock  '   itemprop=\"text\" ><p style=\"text-align: center;\"><strong>Dakar | Senegal<\/strong><\/p>\n<p style=\"text-align: center;\"><strong>international@europa-prefabri.com<\/strong><\/p>\n<\/div><\/section><\/p><\/div><\/p>\n","protected":false},"excerpt":{"rendered":"","protected":false},"author":4,"featured_media":0,"parent":0,"menu_order":0,"comment_status":"closed","ping_status":"closed","template":"","meta":{"footnotes":""},"yoast_head":"<!-- This site is optimized with the Yoast SEO plugin v21.7 - https:\/\/yoast.com\/wordpress\/plugins\/seo\/ -->\n<title>PREFABRI AFRICA, entreprise de pr\u00e9fabriqu\u00e9s et b\u00e2timents modulaires au S\u00e9n\u00e9gal \u00e0 Dakar<\/title>\n<meta name=\"description\" content=\"PREFABRI AFRICA est leader du secteur de la construction modulaire et du pr\u00e9fabriqu\u00e9 Senegal en Afrique, telles que bungalows de chantier, base de vie, logement social, hangar m\u00e9tallique et construction modulaire, et est pr\u00e9sente \u00e0 Dakar, Senegal.\" \/>\n<meta name=\"robots\" content=\"index, follow, max-snippet:-1, max-image-preview:large, max-video-preview:-1\" \/>\n<link rel=\"canonical\" href=\"https:\/\/www.prefabri-africa.com\/fr\/entreprise-de-prefabriques-et-batiments-modulaires-au-senegal-a-dakar\/\" \/>\n<meta property=\"og:locale\" content=\"fr_FR\" \/>\n<meta property=\"og:type\" content=\"article\" \/>\n<meta property=\"og:title\" content=\"PREFABRI AFRICA, entreprise de pr\u00e9fabriqu\u00e9s et b\u00e2timents modulaires au S\u00e9n\u00e9gal \u00e0 Dakar\" \/>\n<meta property=\"og:description\" content=\"PREFABRI AFRICA est leader du secteur de la construction modulaire et du pr\u00e9fabriqu\u00e9 Senegal en Afrique, telles que bungalows de chantier, base de vie, logement social, hangar m\u00e9tallique et construction modulaire, et est pr\u00e9sente \u00e0 Dakar, Senegal.\" \/>\n<meta property=\"og:url\" content=\"https:\/\/www.prefabri-africa.com\/fr\/entreprise-de-prefabriques-et-batiments-modulaires-au-senegal-a-dakar\/\" \/>\n<meta property=\"og:site_name\" content=\"PREFABRI AFRICA - Prefabricated Modular Buildings\" \/>\n<meta name=\"twitter:card\" content=\"summary_large_image\" \/>\n<meta name=\"twitter:label1\" content=\"Dur\u00e9e de lecture estim\u00e9e\" \/>\n\t<meta name=\"twitter:data1\" content=\"2 minutes\" \/>\n<script type=\"application\/ld+json\" class=\"yoast-schema-graph\">{\"@context\":\"https:\/\/schema.org\",\"@graph\":[{\"@type\":\"WebPage\",\"@id\":\"https:\/\/www.prefabri-africa.com\/fr\/entreprise-de-prefabriques-et-batiments-modulaires-au-senegal-a-dakar\/\",\"url\":\"https:\/\/www.prefabri-africa.com\/fr\/entreprise-de-prefabriques-et-batiments-modulaires-au-senegal-a-dakar\/\",\"name\":\"PREFABRI AFRICA, entreprise de pr\u00e9fabriqu\u00e9s et b\u00e2timents modulaires au S\u00e9n\u00e9gal \u00e0 Dakar\",\"isPartOf\":{\"@id\":\"https:\/\/www.prefabri-africa.com\/#website\"},\"datePublished\":\"2018-04-30T11:08:54+00:00\",\"dateModified\":\"2018-04-30T11:08:54+00:00\",\"description\":\"PREFABRI AFRICA est leader du secteur de la construction modulaire et du pr\u00e9fabriqu\u00e9 Senegal en Afrique, telles que bungalows de chantier, base de vie, logement social, hangar m\u00e9tallique et construction modulaire, et est pr\u00e9sente \u00e0 Dakar, Senegal.\",\"breadcrumb\":{\"@id\":\"https:\/\/www.prefabri-africa.com\/fr\/entreprise-de-prefabriques-et-batiments-modulaires-au-senegal-a-dakar\/#breadcrumb\"},\"inLanguage\":\"fr-FR\",\"potentialAction\":[{\"@type\":\"ReadAction\",\"target\":[\"https:\/\/www.prefabri-africa.com\/fr\/entreprise-de-prefabriques-et-batiments-modulaires-au-senegal-a-dakar\/\"]}]},{\"@type\":\"BreadcrumbList\",\"@id\":\"https:\/\/www.prefabri-africa.com\/fr\/entreprise-de-prefabriques-et-batiments-modulaires-au-senegal-a-dakar\/#breadcrumb\",\"itemListElement\":[{\"@type\":\"ListItem\",\"position\":1,\"name\":\"Portada\",\"item\":\"https:\/\/www.prefabri-africa.com\/fr\/\"},{\"@type\":\"ListItem\",\"position\":2,\"name\":\"Senegal\"}]},{\"@type\":\"WebSite\",\"@id\":\"https:\/\/www.prefabri-africa.com\/#website\",\"url\":\"https:\/\/www.prefabri-africa.com\/\",\"name\":\"PREFABRI AFRICA - Prefabricated Modular Buildings\",\"description\":\"Alquiler y venta de construcciones modulares, casetas de obra, marquesinas de aparcamiento y vallas y cerramientos.\",\"publisher\":{\"@id\":\"https:\/\/www.prefabri-africa.com\/#organization\"},\"potentialAction\":[{\"@type\":\"SearchAction\",\"target\":{\"@type\":\"EntryPoint\",\"urlTemplate\":\"https:\/\/www.prefabri-africa.com\/?s={search_term_string}\"},\"query-input\":\"required name=search_term_string\"}],\"inLanguage\":\"fr-FR\"},{\"@type\":\"Organization\",\"@id\":\"https:\/\/www.prefabri-africa.com\/#organization\",\"name\":\"Prefabri SL\",\"url\":\"https:\/\/www.prefabri-africa.com\/\",\"logo\":{\"@type\":\"ImageObject\",\"inLanguage\":\"fr-FR\",\"@id\":\"https:\/\/www.prefabri-africa.com\/#\/schema\/logo\/image\/\",\"url\":\"https:\/\/www.prefabri-africa.com\/wp-content\/uploads\/logo.png\",\"contentUrl\":\"https:\/\/www.prefabri-africa.com\/wp-content\/uploads\/logo.png\",\"width\":211,\"height\":103,\"caption\":\"Prefabri SL\"},\"image\":{\"@id\":\"https:\/\/www.prefabri-africa.com\/#\/schema\/logo\/image\/\"}}]}<\/script>\n<!-- \/ Yoast SEO plugin. -->","yoast_head_json":{"title":"PREFABRI AFRICA, entreprise de pr\u00e9fabriqu\u00e9s et b\u00e2timents modulaires au S\u00e9n\u00e9gal \u00e0 Dakar","description":"PREFABRI AFRICA est leader du secteur de la construction modulaire et du pr\u00e9fabriqu\u00e9 Senegal en Afrique, telles que bungalows de chantier, base de vie, logement social, hangar m\u00e9tallique et construction modulaire, et est pr\u00e9sente \u00e0 Dakar, Senegal.","robots":{"index":"index","follow":"follow","max-snippet":"max-snippet:-1","max-image-preview":"max-image-preview:large","max-video-preview":"max-video-preview:-1"},"canonical":"https:\/\/www.prefabri-africa.com\/fr\/entreprise-de-prefabriques-et-batiments-modulaires-au-senegal-a-dakar\/","og_locale":"fr_FR","og_type":"article","og_title":"PREFABRI AFRICA, entreprise de pr\u00e9fabriqu\u00e9s et b\u00e2timents modulaires au S\u00e9n\u00e9gal \u00e0 Dakar","og_description":"PREFABRI AFRICA est leader du secteur de la construction modulaire et du pr\u00e9fabriqu\u00e9 Senegal en Afrique, telles que bungalows de chantier, base de vie, logement social, hangar m\u00e9tallique et construction modulaire, et est pr\u00e9sente \u00e0 Dakar, Senegal.","og_url":"https:\/\/www.prefabri-africa.com\/fr\/entreprise-de-prefabriques-et-batiments-modulaires-au-senegal-a-dakar\/","og_site_name":"PREFABRI AFRICA - Prefabricated Modular Buildings","twitter_card":"summary_large_image","twitter_misc":{"Dur\u00e9e de lecture estim\u00e9e":"2 minutes"},"schema":{"@context":"https:\/\/schema.org","@graph":[{"@type":"WebPage","@id":"https:\/\/www.prefabri-africa.com\/fr\/entreprise-de-prefabriques-et-batiments-modulaires-au-senegal-a-dakar\/","url":"https:\/\/www.prefabri-africa.com\/fr\/entreprise-de-prefabriques-et-batiments-modulaires-au-senegal-a-dakar\/","name":"PREFABRI AFRICA, entreprise de pr\u00e9fabriqu\u00e9s et b\u00e2timents modulaires au S\u00e9n\u00e9gal \u00e0 Dakar","isPartOf":{"@id":"https:\/\/www.prefabri-africa.com\/#website"},"datePublished":"2018-04-30T11:08:54+00:00","dateModified":"2018-04-30T11:08:54+00:00","description":"PREFABRI AFRICA est leader du secteur de la construction modulaire et du pr\u00e9fabriqu\u00e9 Senegal en Afrique, telles que bungalows de chantier, base de vie, logement social, hangar m\u00e9tallique et construction modulaire, et est pr\u00e9sente \u00e0 Dakar, Senegal.","breadcrumb":{"@id":"https:\/\/www.prefabri-africa.com\/fr\/entreprise-de-prefabriques-et-batiments-modulaires-au-senegal-a-dakar\/#breadcrumb"},"inLanguage":"fr-FR","potentialAction":[{"@type":"ReadAction","target":["https:\/\/www.prefabri-africa.com\/fr\/entreprise-de-prefabriques-et-batiments-modulaires-au-senegal-a-dakar\/"]}]},{"@type":"BreadcrumbList","@id":"https:\/\/www.prefabri-africa.com\/fr\/entreprise-de-prefabriques-et-batiments-modulaires-au-senegal-a-dakar\/#breadcrumb","itemListElement":[{"@type":"ListItem","position":1,"name":"Portada","item":"https:\/\/www.prefabri-africa.com\/fr\/"},{"@type":"ListItem","position":2,"name":"Senegal"}]},{"@type":"WebSite","@id":"https:\/\/www.prefabri-africa.com\/#website","url":"https:\/\/www.prefabri-africa.com\/","name":"PREFABRI AFRICA - Prefabricated Modular Buildings","description":"Alquiler y venta de construcciones modulares, casetas de obra, marquesinas de aparcamiento y vallas y cerramientos.","publisher":{"@id":"https:\/\/www.prefabri-africa.com\/#organization"},"potentialAction":[{"@type":"SearchAction","target":{"@type":"EntryPoint","urlTemplate":"https:\/\/www.prefabri-africa.com\/?s={search_term_string}"},"query-input":"required name=search_term_string"}],"inLanguage":"fr-FR"},{"@type":"Organization","@id":"https:\/\/www.prefabri-africa.com\/#organization","name":"Prefabri SL","url":"https:\/\/www.prefabri-africa.com\/","logo":{"@type":"ImageObject","inLanguage":"fr-FR","@id":"https:\/\/www.prefabri-africa.com\/#\/schema\/logo\/image\/","url":"https:\/\/www.prefabri-africa.com\/wp-content\/uploads\/logo.png","contentUrl":"https:\/\/www.prefabri-africa.com\/wp-content\/uploads\/logo.png","width":211,"height":103,"caption":"Prefabri SL"},"image":{"@id":"https:\/\/www.prefabri-africa.com\/#\/schema\/logo\/image\/"}}]}},"_links":{"self":[{"href":"https:\/\/www.prefabri-africa.com\/fr\/wp-json\/wp\/v2\/pages\/10677"}],"collection":[{"href":"https:\/\/www.prefabri-africa.com\/fr\/wp-json\/wp\/v2\/pages"}],"about":[{"href":"https:\/\/www.prefabri-africa.com\/fr\/wp-json\/wp\/v2\/types\/page"}],"author":[{"embeddable":true,"href":"https:\/\/www.prefabri-africa.com\/fr\/wp-json\/wp\/v2\/users\/4"}],"replies":[{"embeddable":true,"href":"https:\/\/www.prefabri-africa.com\/fr\/wp-json\/wp\/v2\/comments?post=10677"}],"version-history":[{"count":1,"href":"https:\/\/www.prefabri-africa.com\/fr\/wp-json\/wp\/v2\/pages\/10677\/revisions"}],"predecessor-version":[{"id":10687,"href":"https:\/\/www.prefabri-africa.com\/fr\/wp-json\/wp\/v2\/pages\/10677\/revisions\/10687"}],"wp:attachment":[{"href":"https:\/\/www.prefabri-africa.com\/fr\/wp-json\/wp\/v2\/media?parent=10677"}],"curies":[{"name":"wp","href":"https:\/\/api.w.org\/{rel}","templated":true}]}}